{"id":1549,"date":"2020-03-30T01:50:17","date_gmt":"2020-03-29T23:50:17","guid":{"rendered":"http:\/\/zielarniapieninska.pl\/?page_id=1549"},"modified":"2020-03-30T01:51:35","modified_gmt":"2020-03-29T23:51:35","slug":"oczyszczanie","status":"publish","type":"page","link":"https:\/\/zielarniapieninska.pl\/index.php\/oczyszczanie\/","title":{"rendered":"Oczyszczanie"},"content":{"rendered":"<p><img loading=\"lazy\" decoding=\"async\" class=\"size-medium wp-image-1048 alignleft\" src=\"http:\/\/zielarniapieninska.pl\/wp-content\/uploads\/2019\/09\/zielarnia-2-int-300x200.jpg\" alt=\"\" width=\"300\" height=\"200\" srcset=\"https:\/\/zielarniapieninska.pl\/wp-content\/uploads\/2019\/09\/zielarnia-2-int-300x200.jpg 300w, https:\/\/zielarniapieninska.pl\/wp-content\/uploads\/2019\/09\/zielarnia-2-int-768x512.jpg 768w, https:\/\/zielarniapieninska.pl\/wp-content\/uploads\/2019\/09\/zielarnia-2-int-1024x683.jpg 1024w, https:\/\/zielarniapieninska.pl\/wp-content\/uploads\/2019\/09\/zielarnia-2-int-110x73.jpg 110w, https:\/\/zielarniapieninska.pl\/wp-content\/uploads\/2019\/09\/zielarnia-2-int-420x280.jpg 420w, https:\/\/zielarniapieninska.pl\/wp-content\/uploads\/2019\/09\/zielarnia-2-int-645x430.jpg 645w, https:\/\/zielarniapieninska.pl\/wp-content\/uploads\/2019\/09\/zielarnia-2-int-272x182.jpg 272w, https:\/\/zielarniapieninska.pl\/wp-content\/uploads\/2019\/09\/zielarnia-2-int.jpg 1459w\" sizes=\"auto, (max-width: 300px) 100vw, 300px\" \/>W\u0105troba to najwi\u0119kszy, strategiczny narz\u0105d wewn\u0119trzny. Wa\u017cy oko\u0142o p\u00f3\u0142tora kilograma i spe\u0142nia 500 zbadanych funkcji. Powszechnie uwa\u017ca si\u0119, \u017ce nie daje alarmuj\u0105cych sygna\u0142\u00f3w gdy choruje. To prawda, \u017ce nie boli, ale jej z\u0142a kondycja daje niespecyficzne objawy kt\u00f3re \u0142atwo przegapi\u0107: os\u0142abienie, nudno\u015bci, og\u00f3lne z\u0142e samopoczucie, rozdra\u017cnienie, b\u00f3le staw\u00f3w, \u015bwi\u0105d sk\u00f3ry.&nbsp;\u017beby zadba\u0107 o w\u0105trob\u0119 nie wystarczy, \u017ce po\u0142kniesz zio\u0142ow\u0105 tabletk\u0119 bez recepty. Pij \u015bwie\u017co wyciskane soki owocowe i warzywne, unikaj alkoholu i cukru. Wbrew pozorom jedzenie nawet du\u017cych ilo\u015bci dobrych t\u0142uszcz\u00f3w samo w sobie nie jest dla zdrowej, dobrze funkcjonuj\u0105cej w\u0105troby szkodliwe.<\/p>\n<p>Je\u015bli brak CI energii, zw\u0142aszcza przed nadej\u015bciem wiosny, odczuwasz tak zwane przesilenie wiosenne, to mo\u017ce by\u0107 znak, \u017ce Twoja w\u0105troba potrzebuje oczyszczania. Odwdzi\u0119czy Ci si\u0119 odczuwalnym natychmiast przyp\u0142ywem \u017cyciowej energii.<\/p>\n<p>Oczyszczanie w\u0105troby jest bardzo bezpieczne. Autorka metody Dr. Huldy Clark podaje, \u017ce na ponad 500 monitorowanych przypadk\u00f3w oczyszczania t\u0105 metod\u0105, w tym wiele os\u00f3b po siedemdziesi\u0105tym i osiemdziesi\u0105tym roku \u017cycia, nikt nie trafi\u0142 do szpitala, nikt nawet nie zg\u0142asza\u0142 b\u00f3lu. Jednak niekt\u00f3re osoby mog\u0105 by\u0107 os\u0142abione przez kolejne 1-2 dni. Oznacza to, \u017ce po odblokowaniu kanalik\u00f3w w\u0105trobowych, w\u0105troba oczyszcza si\u0119 w g\u0142\u0119bszych warstwach, dlatego, w drugim dniu oczyszczania nie planuj wyj\u015bcia z domu ani \u017cadnych intensywnych aktywno\u015bci.<\/p>\n<p><strong>Co b\u0119dzie potrzebne?<\/strong><\/p>\n<p>sok jab\u0142kowy dobrej jako\u015bci (\u015bwie\u017co t\u0142oczony lub ewentualnie t\u0142oczony i pasteryzowany)<\/p>\n<p>siarczan magnezu &#8211; 4 \u0142y\u017cki sto\u0142owe do nabycia w aptece bez recepty<\/p>\n<p>oliwa z oliwek &#8211; p\u00f3\u0142 szklanki (dok\u0142adnie 125ml.)<\/p>\n<p>3\/4 szklanki \u015bwie\u017co wyci\u015bni\u0119tego soku z grapefruita<\/p>\n<p>s\u0142omka do picia<\/p>\n<p>p\u00f3\u0142litrowy lub wi\u0119kszy s\u0142oik ze szczeln\u0105 pokrywk\u0105<\/p>\n<p>termofor<\/p>\n<p>du\u017ca, wysoka poduszka<\/p>\n<p>Je\u015bli wystarczy Ci determinacji, mo\u017cesz procedur\u0119 oczyszczania zacz\u0105\u0107 od picia przez dwa tygodnie, (obok zwyk\u0142ych posi\u0142k\u00f3w) \u015bwie\u017co wyci\u015bni\u0119tego soku jab\u0142kowego, w ilo\u015bci minimum litr dziennie. Je\u015bli nie masz wyciskarki, kup dost\u0119pny na rynku sok t\u0142oczony ze \u015bwie\u017cych jab\u0142ek i pakowany pr\u00f3\u017cniowo. Sok rozmi\u0119kcza i rozpuszcza z\u0142ogi w\u0105trobowe i poprawia efekty oczyszczania, nie jest to jednak warunek konieczny. W dniu poprzedzaj\u0105cym oczyszczanie i w dniu oczyszczania zachowaj diet\u0119 bezt\u0142uszczow\u0105 i bezmleczn\u0105. Od godziny 14.00 nic ju\u017c nie jedz i nie pij &#8211; post zupe\u0142ny. &nbsp;Dieta bezt\u0142uszczowa podwy\u017csza ci\u015bnienie w drogach \u017c\u00f3\u0142ciowych, co pozwala podczas wyrzutu \u017c\u00f3\u0142ci usun\u0105\u0107 czopy cholesterolowe. Odstaw r\u00f3wnie\u017c wszystkie niekonieczne lekarstwa i suplementy.<\/p>\n<p>Poni\u017cszego rozk\u0142adu czasowego przestrzegaj z dok\u0142adno\u015bci\u0105 do 10 minut.<\/p>\n<p>Siarczan magnezu rozpu\u015bci\u0107 w 3 szklankach wody i sch\u0142od\u017a w lod\u00f3wce do temperatury lodowatej (tak \u0142atwiej si\u0119 pije). Podziel na 4 r\u00f3wne porcje. Siarczan magnezu otwiera zwieracz Oddiego czyli uj\u015bcie przewodu \u017c\u00f3\u0142ciowego wsp\u00f3lnego do dwunastnicy i rozszerza drogi \u017c\u00f3\u0142ciowe pozwalaj\u0105c wydali\u0107 kamienie \u017c\u00f3\u0142ciowe dochodz\u0105ce nawet do dw\u00f3ch centymetr\u00f3w \u015brednicy.<\/p>\n<p><strong>18.00.<\/strong> Wypij pierwsz\u0105 porcj\u0119 siarczanu magnezu. Mo\u017cesz popi\u0107 paroma \u0142ykami wody, possa\u0107 plasterek cytryny &nbsp;albo wyp\u0142uka\u0107 usta.<\/p>\n<p><strong>20.00.<\/strong> Wypij II porcj\u0119 siarczanu magnezu. Zr\u00f3b wieczorn\u0105 toalet\u0119, przygotuj \u0142\u00f3\u017cko.<\/p>\n<p><strong>21.45.<\/strong> Wlej oliw\u0119 do s\u0142oika, wyci\u015bnij r\u0119cznie \u00be szklanki grejpfruta, odced\u017a mi\u0105\u017csz. Dodaj sok do s\u0142oika z oliw\u0105. Zakr\u0119\u0107 szczelnie pokrywk\u0119 i wstrz\u0105\u015bnij do uzyskania jednolitej wodnistej mieszaniny (udaje si\u0119 to tylko ze \u015bwie\u017cym sokiem grejpfrutowym). Przygotuj sobie w \u0142\u00f3\u017cku wysok\u0105 poduszk\u0119, tak by\u015b m\u00f3g\u0142 spa\u0107 na wznak w pozycji p\u00f3\u0142siedz\u0105cej. Nape\u0142nij termofor gor\u0105c\u0105 wod\u0105 i w\u0142\u00f3\u017c do \u0142\u00f3\u017cka.<\/p>\n<p><strong>22.00<\/strong> B\u0119d\u0105c ju\u017c w \u0142\u00f3\u017cku, w pozycji siedz\u0105cej wypij przygotowan\u0105 mieszanin\u0119. \u0141atwiej jest wypija\u0107 p\u0142yn przez s\u0142omk\u0119 lub zatykaj\u0105c nos. Wypij duszkiem w ci\u0105gu 5 minut (15 minut w przypadku os\u00f3b w bardzo podesz\u0142ym wieku lub bardzo os\u0142abionych). Nast\u0119pnie bez \u017cadnych zb\u0119dnych ruch\u00f3w po\u0142\u00f3\u017c si\u0119 na poduszk\u0119 w pozycji p\u00f3\u0142siedz\u0105cej na wznak, termofor przy\u0142\u00f3\u017c z prawej strony pod \u017cebrami i postaraj si\u0119 zasn\u0105\u0107 natychmiast.<br \/>\nJe\u015bli nie mo\u017cesz zasn\u0105\u0107 le\u017c w ca\u0142kowitym spokoju na plecach przez co najmniej 20 min. Nie opuszczaj ju\u017c \u0142\u00f3\u017cka, nie wykonuj \u017cadnych czynno\u015bci. Jest to wa\u017cne dla efektywnego oczyszczania.<\/p>\n<p>Od razu po przebudzeniu ale nie wcze\u015bniej ni\u017c o 6.00 wypij trzeci\u0105 porcj\u0119 siarczanu magnezu. Je\u015bli masz b\u00f3le brzucha lub nudno\u015bci, poczekaj, a\u017c min\u0105, potem wypij siarczan magnezu.<\/p>\n<p>Rano powinna wyst\u0105pi\u0107 biegunka, w stolcu pojawi\u0105 si\u0119 zielonkawe lub brunatne kamienie. P\u0142ywaj\u0105 one na powierzchni wody ze wzgl\u0119du na zawarto\u015b\u0107 cholesterolu. Czasem przewody \u017c\u00f3\u0142ciowe s\u0105 wype\u0142nione kryszta\u0142kami cholesterolu, kt\u00f3re nie utworzy\u0142y okr\u0105g\u0142ych kamieni. Kryszta\u0142ki te ujawniaj\u0105 si\u0119 w postaci &#8222;sieczki&#8221; p\u0142ywaj\u0105cej po powierzchni wody w muszli. Kamienie \u017c\u00f3\u0142ciowe mo\u017cesz wydala\u0107 a\u017c do p\u00f3\u017anego popo\u0142udnia. Je\u015bli po wypr\u00f3\u017cnieniu czujesz si\u0119 s\u0142abo, wr\u00f3\u0107 po wypr\u00f3\u017cnieniu do \u0142\u00f3\u017cka.<\/p>\n<p>Dwie godziny p\u00f3\u017aniej: wypij IV (ostatni\u0105) porcj\u0119 siarczanu magnezu. Je\u015bli czujesz si\u0119 s\u0142abo, wr\u00f3\u0107 do \u0142\u00f3\u017cka.<\/p>\n<p>Po kolejnych dw\u00f3ch godzinach mo\u017cesz je\u015b\u0107. Zacznij od soku owocowego. P\u00f3\u0142 godziny p\u00f3\u017aniej zjedz owoc. Godzin\u0119 p\u00f3\u017aniej zjedz lekki posi\u0142ek.<\/p>\n<p>Oczyszczanie powtarzaj tak d\u0142ugo, a\u017c przestan\u0105 wydostawa\u0107 si\u0119 kamienie \u017c\u00f3\u0142ciowe i piasek.<\/p>\n<p>Mi\u0119dzy poszczeg\u00f3lnymi zabiegami zachowaj minimum dwa tygodnie przerwy. Z relacji os\u00f3b stosuj\u0105cych t\u0119 metod\u0119 wynika, \u017ce w\u0105troba oczyszcza si\u0119 stopniowo, czasami najbardziej spektakularne wypr\u00f3\u017cnienia kamieni \u017c\u00f3\u0142ciowych maj\u0105 miejsce przy dziesi\u0105tym oczyszczaniu.<\/p>\n<p>\u0179r\u00f3d\u0142o: https:\/\/od-natury.pl<\/p>\n<p><span class=\"ff2 fc0 fs10 fb \"><br \/>\n<strong>Oczyszczanie w\u0105troby<\/strong> wariant II<\/span><\/p>\n<p>Uwagi og\u00f3lne:<br \/>\n<span class=\"ff2 fc0 fs10 \">1. Procedury nie przeprowadza si\u0119 w ostrej fazie choroby.<\/span><span class=\"ff1 fc0 fs10 \"><br \/>\n<\/span><span class=\"ff2 fc0 fs10 \">2. Najlepiej przeprowadzi\u0107 j\u0105 w weekend, tu\u017c przed nowiem.<\/span><span class=\"ff1 fc0 fs10 \"><br \/>\n<\/span><span class=\"ff2 fc0 fs10 \">3. Trzy dni przed rozpocz\u0119ciem oczyszczania nale\u017cy za\u017cy\u0107 preparat przeciw paso\u017cytom, np. Zentel.<br \/>\n<\/span><\/p>\n<p><span class=\"ff2 fc0 fs10 fb \">Przed czyszczeniem:<\/span><span class=\"ff1 fc0 fs10 \"><br \/>\n<\/span><span class=\"ff2 fc0 fs10 \">1. Codziennie przez sze\u015b\u0107 dni nale\u017cy wypija\u0107 1 litr soku jab\u0142kowego(ma\u0142e porcje w ci\u0105gu ca\u0142ego dnia z ciep\u0142\u0105 wod\u0105), unikaj\u0105c picia tu\u017c przed, w trakcie i do dw\u00f3ch godzin po posi\u0142ku;<\/span><span class=\"ff1 fc0 fs10 \"><br \/>\n<\/span><span class=\"ff2 fc0 fs10 \">2. Zamiast soku jab\u0142kowego mo\u017cna zastosowa\u0107 jedn\u0105 \u0142y\u017ck\u0119 octu jab\u0142kowego z jedn\u0105 szklank\u0105 wody, cztery razy w ci\u0105gu dnia.<\/span><span class=\"ff1 fc0 fs10 \"><br \/>\n<\/span><span class=\"ff2 fc0 fs10 \">3. Innym zamiennikiem jest sok z cytryny: 3 \u0142y\u017cki na 15-30 minut przed \u015bniadaniem.<\/span><span class=\"ff1 fc0 fs10 \"><br \/>\n<\/span><span class=\"ff2 fc0 fs10 \">4. W tym czasie nale\u017cy tak\u017ce wypija\u0107 2-3 szklanki herbaty rumiankowej oraz spo\u017cywa\u0107 jedn\u0105 p\u0142ask\u0105 \u0142y\u017ceczk\u0119 soli ojca Beno, rozpuszczon\u0105 w 1\/3 szklanki wody.<\/span><span class=\"ff1 fc0 fs10 \"><br \/>\n<\/span><span class=\"ff2 fc0 fs10 \">5. Ponadto w tygodniu poprzedzaj\u0105cym nale\u017cy unika\u0107 jedzenia i picia zimnego, spo\u017cywa\u0107 jak najmniej mi\u0119sa, nabia\u0142u, sma\u017conego, a posi\u0142ki powinny by\u0107 niewielkie.<\/span><\/p>\n<p><span class=\"ff2 fc0 fs10 \">W dniu poprzedzaj\u0105cym(pi\u0105tek) i w czasie kuracji nie nale\u017cy za\u017cywa\u0107 \u017cadnych lek\u00f3w ani witamin, a wieczorem za\u017cy\u0107 \u015brodek na przeczyszczenie, np. Senes.<\/span><\/p>\n<p><span class=\"ff2 fc0 fs10 \">Do kuracji potrzebne s\u0105:<\/span><span class=\"ff1 fc0 fs10 \"><br \/>\n<\/span><span class=\"ff2 fc0 fs10 \">\u2022 125 ml oliwy z oliwek.<\/span><span class=\"ff1 fc0 fs10 \"><br \/>\n<\/span><span class=\"ff2 fc0 fs10 \">\u2022 2 du\u017ce czerwone, s\u0142odkie grejpfruty.<\/span><span class=\"ff1 fc0 fs10 \"><br \/>\n<\/span><span class=\"ff2 fc0 fs10 \">\u2022 4 \u0142y\u017cki soli gorzkiej(Magnesium Sulphate)<\/span><span class=\"ff1 fc0 fs10 \"><br \/>\n<\/span><span class=\"ff2 fc0 fs10 \">\u2022 No-spa<\/span><span class=\"ff1 fc0 fs10 \"><br \/>\n<\/span><span class=\"ff2 fc0 fs10 \">\u2022 S\u0142oik z nakr\u0119tk\u0105 (0,5 litrowy)<\/span><\/p>\n<p><span class=\"ff2 fc0 fs10 fb \"><strong>Pierwszy dzie\u0144 oczyszczania<\/strong>(sobota):<\/span><\/p>\n<p><span class=\"ff2 fc0 fs10 \">Rano nale\u017cy wypi\u0107 przed \u015bniadaniem sok z jab\u0142ek, lub z cytryny(dawki jak wy\u017cej).<\/span><span class=\"ff1 fc0 fs10 \"><br \/>\n<\/span><span class=\"ff2 fc0 fs10 \">\u015aniadanie powinno by\u0107 lekkie, np. owsianka.<\/span><span class=\"ff1 fc0 fs10 \"><br \/>\n<\/span><span class=\"ff2 fc0 fs10 \">Nie wolno u\u017cywa\u0107 cukru, s\u0142odzik\u00f3w, przypraw, nabia\u0142u, mi\u0119sa, t\u0142uszczu, orzech\u00f3w, pieczywa.<\/span><span class=\"ff1 fc0 fs10 \"><br \/>\n<\/span><span class=\"ff2 fc0 fs10 \">Mog\u0105 by\u0107 owoce.<\/span><span class=\"ff1 fc0 fs10 \"><br \/>\n<\/span><span class=\"ff2 fc0 fs10 \">Na lunch tylko gotowane lub przyrz\u0105dzone na parze warzywa z dodatkiem ry\u017cu(najlepszy basmati) i szczypt\u0105 soli morskiej lub kamiennej.<\/span><\/p>\n<p><span class=\"ff2 fc0 fs10 \">Nie wolno nic je\u015b\u0107 ani pi\u0107 po godzinie 13:30!<\/span><\/p>\n<p><span class=\"ff2 fc0 fs10 \">Nale\u017cy rozpu\u015bci\u0107 4 \u0142y\u017cki sto\u0142owe soli gorzkiej w 3 szklankach przegotowanej wody,<\/span><span class=\"ff1 fc0 fs10 \"><br \/>\n<\/span><span class=\"ff2 fc0 fs10 \">a roztw\u00f3r wla\u0107 do dzbanka.<\/span><span class=\"ff1 fc0 fs10 \"><br \/>\n<\/span><span class=\"ff2 fc0 fs10 \">Uzyskujemy z tego p\u00f3\u017aniej 4 porcje mikstury solnej, ka\u017cda po 3 szklanki.<\/span><span class=\"ff1 fc0 fs10 \"><br \/>\n<\/span><span class=\"ff2 fc0 fs10 \">Dla poprawienia smaku do ka\u017cdej porcji mo\u017cna doda\u0107 troch\u0119 soku z grejpfruta, jab\u0142ek, pomara\u0144czy lub cytryny.<\/span><\/p>\n<p><span class=\"ff2 fc0 fs10 \">Godzina 18:00;<\/span><span class=\"ff1 fc0 fs10 \"><br \/>\n<\/span><span class=\"ff2 fc0 fs10 \">Wypi\u0107 pierwsz\u0105 dawk\u0119 roztworu solnego.<\/span><\/p>\n<p><span class=\"ff2 fc0 fs10 \">Godzina 20:00;<\/span><span class=\"ff1 fc0 fs10 \"><br \/>\n<\/span><span class=\"ff2 fc0 fs10 \">Wypi\u0107 druga dawk\u0119 roztworu solnego.<\/span><\/p>\n<p><span class=\"ff2 fc0 fs10 \">Uwaga! Po soli gorzkiej mo\u017ce nast\u0105pi\u0107 seria wypr\u00f3\u017cnie\u0144.<\/span><\/p>\n<p><span class=\"ff2 fc0 fs10 \">Godzina 21:00;<\/span><span class=\"ff1 fc0 fs10 \"><br \/>\n<\/span><span class=\"ff2 fc0 fs10 \">Przygotowa\u0107 \u0142\u00f3\u017cko, pi\u017cam\u0119, za\u0142atwi\u0107 toalet\u0119.<\/span><\/p>\n<p><span class=\"ff2 fc0 fs10 \">Godzina 21:45;<\/span><span class=\"ff1 fc0 fs10 \"><br \/>\n<\/span><span class=\"ff2 fc0 fs10 \">Wla\u0107 p\u00f3\u0142 szklanki oliwy z oliwek do s\u0142oika z nakr\u0119tk\u0105.<\/span><span class=\"ff1 fc0 fs10 \"><br \/>\n<\/span><span class=\"ff2 fc0 fs10 \">Oddzielnie wycisn\u0105\u0107 sok z du\u017cego grejpfruta, tak by powsta\u0142o 3 szklanki soku.<\/span><span class=\"ff1 fc0 fs10 \"><br \/>\n<\/span><span class=\"ff2 fc0 fs10 \">Odfiltrowa\u0107 sok.<\/span><span class=\"ff1 fc0 fs10 \"><br \/>\n<\/span><span class=\"ff2 fc0 fs10 \">Wla\u0107 sok do s\u0142oika z oliw\u0105.<\/span><span class=\"ff1 fc0 fs10 \"><br \/>\n<\/span><span class=\"ff2 fc0 fs10 \">Zakr\u0119ci\u0107 wieczko i wstrz\u0105saj\u0105c dobrze wymiesza\u0107 oba sk\u0142adniki.<\/span><span class=\"ff1 fc0 fs10 \"><br \/>\n<\/span><span class=\"ff2 fc0 fs10 \">Mieszank\u0119 mo\u017cna lekko ogrza\u0107 w k\u0105pieli wodnej(wstawi\u0107 s\u0142oik do garnka z ciep\u0142\u0105 wod\u0105).<\/span><\/p>\n<p><span class=\"ff2 fc0 fs10 \">Nale\u017cy skorzysta\u0107 z ubikacji jeden lub wi\u0119cej razy.<\/span><span class=\"ff1 fc0 fs10 \"><br \/>\n<\/span><span class=\"ff2 fc0 fs10 \">Przygotowa\u0107 termofor z ciep\u0142\u0105 wod\u0105.<\/span><\/p>\n<p><span class=\"ff2 fc0 fs10 \">Uwaga! Bardzo wa\u017cne jest, aby nie op\u00f3\u017ania\u0107 czasu spo\u017cycia mieszanki.<\/span><\/p>\n<p><span class=\"ff2 fc0 fs10 \">Godzina 22:00;<\/span><span class=\"ff1 fc0 fs10 \"><br \/>\n<\/span><span class=\"ff2 fc0 fs10 \">Sta\u0144 przy \u0142\u00f3\u017cku i wypij duszkiem ca\u0142\u0105 porcj\u0119; nie mo\u017ce to zaj\u0105\u0107 wi\u0119cej ni\u017c 5 minut.<\/span><span class=\"ff1 fc0 fs10 \"><br \/>\n<\/span><span class=\"ff2 fc0 fs10 \">Po zgaszeniu \u015bwiat\u0142a, po\u0142\u00f3\u017c si\u0119 natychmiast!<\/span><span class=\"ff1 fc0 fs10 \"><br \/>\n<\/span><span class=\"ff2 fc0 fs10 \">Nale\u017cy po\u0142o\u017cy\u0107 si\u0119 na plecach z poduszk\u0105, lub dwoma pod g\u0142ow\u0105, tak aby g\u0142owa by\u0142a wy\u017cej ni\u017c brzuch.<\/span><span class=\"ff1 fc0 fs10 \"><br \/>\n<\/span><span class=\"ff2 fc0 fs10 \">Termofor przy\u0142o\u017cy\u0107 do prawego boku na wysoko\u015bci w\u0105troby (niekiedy pomaga kompres<\/span><span class=\"ff1 fc0 fs10 \"><br \/>\n<\/span><span class=\"ff2 fc0 fs10 \">z oleju rycynowego).<\/span><\/p>\n<p><span class=\"ff2 fc0 fs10 \">Przez co najmniej 20 minut nale\u017cy le\u017ce\u0107 nieruchomo, staraj\u0105c si\u0119 w tym czasie nic nie m\u00f3wi\u0107 i skupia\u0107 si\u0119 jedynie na w\u0105trobie.<\/span><\/p>\n<p><span class=\"ff2 fc0 fs10 \">W tym czasie mo\u017cna poczu\u0107 sznur kamieni w\u0119druj\u0105cy wzd\u0142u\u017c jelit.<\/span><span class=\"ff1 fc0 fs10 \"><br \/>\n<\/span><span class=\"ff2 fc0 fs10 \">Zasn\u0105\u0107 jak najszybciej w dowolnej pozycji.<\/span><\/p>\n<p><span class=\"ff2 fc0 fs10 \">W nocy mo\u017ce by\u0107 konieczne wypr\u00f3\u017cnienie \u2013 ju\u017c wtedy pojawi\u0105 si\u0119 kamienie \u017c\u00f3\u0142ciowe.<br \/>\n<\/span><span class=\"ff2 fc0 fs10 fb \"><br \/>\n<strong>Nast\u0119pny dzie\u0144<\/strong>(niedziela):<\/span><\/p>\n<p><span class=\"ff2 fc0 fs10 \">Godzina 6:00(nie wcze\u015bniej);<\/span><span class=\"ff1 fc0 fs10 \"><br \/>\n<\/span><span class=\"ff2 fc0 fs10 \">Wypi\u0107 trzeci\u0105 dawk\u0119 roztworu solnego; mo\u017cna si\u0119 po\u0142o\u017cy\u0107, ale lepiej si\u0119 porusza\u0107.<\/span><\/p>\n<p><span class=\"ff2 fc0 fs10 \">Godzina 8:00;<\/span><span class=\"ff1 fc0 fs10 \"><br \/>\n<\/span><span class=\"ff2 fc0 fs10 \">Wypi\u0107 czwart\u0105 dawk\u0119 roztworu solnego.<\/span><\/p>\n<p><span class=\"ff2 fc0 fs10 \">Godzina 10:00;<\/span><span class=\"ff1 fc0 fs10 \"><br \/>\n<\/span><span class=\"ff2 fc0 fs10 \">Mo\u017cna wypi\u0107 wod\u0119 lub \u015bwie\u017co wyci\u015bni\u0119ty sok owocowy.<\/span><\/p>\n<p><span class=\"ff2 fc0 fs10 \">Godzina 11:00;<\/span><span class=\"ff1 fc0 fs10 \"><br \/>\n<\/span><span class=\"ff2 fc0 fs10 \">Mo\u017cna zje\u015b\u0107 zmiksowane warzywa z sol\u0105.<\/span><\/p>\n<p><span class=\"ff2 fc0 fs10 \">Po po\u0142udniu;<\/span><span class=\"ff1 fc0 fs10 \"><br \/>\n<\/span><span class=\"ff2 fc0 fs10 \">Lekki posi\u0142ek.<\/span><\/p>\n<p><span class=\"ff2 fc0 fs10 \">W godzinach porannych i popo\u0142udniowych mo\u017cna spodziewa\u0107 si\u0119 wodnistych wypr\u00f3\u017cnie\u0144<\/span><span class=\"ff1 fc0 fs10 \"><br \/>\n<\/span><span class=\"ff2 fc0 fs10 \">z kamieniami i korkami \u017c\u00f3\u0142ciowymi r\u00f3\u017cnych rozmiar\u00f3w i kolor\u00f3w.<\/span><\/p>\n<p><span class=\"ff2 fc0 fs10 \">Procedur\u0119 oczyszczania w\u0105troby przeprowadza si\u0119 raz w miesi\u0105cu, do momentu, kiedy<\/span><span class=\"ff1 fc0 fs10 \"><br \/>\n<\/span><span class=\"ff2 fc0 fs10 \">w stolcu przestan\u0105 pojawia\u0107 si\u0119 kamienie. Mo\u017ce to nast\u0105pi\u0107 po 8-12 oczyszczaniach.<\/span><\/p>\n<p><span class=\"ff2 fc0 fs10 \">Uwaga: W czasie oczyszczania w\u0105troby mo\u017cna pi\u0107 wod\u0119, ale nie tu\u017c przed i tu\u017c po wypiciu soli gorzkiej(trzeba odczeka\u0107 20 minut). Nale\u017cy tez unika\u0107 picia wody mi\u0119dzy 21:30, a 2:00.<\/span><\/p>\n<p><span class=\"ff2 fc0 fs10 \">Uwaga: Przy harmonogramie nale\u017cy wzi\u0105\u0107 poprawk\u0119 na czas letni(przesuni\u0119cie o godzin\u0119 do przodu; np. zamiast 13:30 \u2013 14:30).<\/span><\/p>\n<p><span class=\"ff2 fc0 fs10 fi \">Procedura powsta\u0142a w oparciu o ksi\u0105\u017cki: \u201eKuracja \u017cycia\u201d Huldy Clark i \u201eNiezwyk\u0142e p\u0142ukanie w\u0105troby i p\u0119cherzyka \u017c\u00f3\u0142ciowego\u201d Andreas\u2019a Moritz\u2019a.<\/span><\/p>\n<p><strong><span class=\"ff2 fc0 fs10 fb \">Lewatywa z kawy<\/span><\/strong><span class=\"ff1 fc0 fs10 \"><br \/>\n<\/span><span class=\"ff2 fc0 fs10 \">Przez 20 min. Gotowa\u0107 na wolnym ogniu 3 \u0142y\u017cki sto\u0142owe zwyk\u0142ej mielonej kawy w 1 litrze wody. Uzyskany wywar przecedzi\u0107 i ostudzi\u0107 do temperatury cia\u0142a.<\/span><span class=\"ff1 fc0 fs10 \"><br \/>\n<\/span><span class=\"ff2 fc0 fs10 \">Wykonywa\u0107 wlew doodbytniczy le\u017c\u0105c na prawym boku z kolanami podci\u0105gni\u0119tymi do brzucha. P\u0142yn powinno si\u0119 utrzymywa\u0107 wewn\u0105trz przez 15 min.<\/span><\/p>\n<p><span class=\"ff2 fc0 fs10 \">Wlewy z kawy s\u0105 standardow\u0105 metod\u0105 przy leczeniu raka, poniewa\u017c otwieraj\u0105 przewody \u017c\u00f3\u0142ciowe , pozwalaj\u0105c na uwolnienie toksyn z w\u0105troby. Ponadto wspieraj\u0105 dializ\u0119 toksycznych substancji z krwi przez \u015bciany jelita grubego.<\/span><\/p>\n<p><span class=\"ff2 fc0 fs10 \">Wykonuje si\u0119 je co 6 godzin, a przy nasilonym b\u00f3lu nawet co 2 godziny.<br \/>\n<\/span><\/p>\n<p><span class=\"ff2 fc2 fs10 fi \">Procedura wed\u0142ug opracowania M. Gersona<\/span><\/p>\n<div id=\"imCel0_00\">\n<div id=\"imCel0_00_Cont\">\n<div id=\"imObj0_00\">\n<p class=\"imAlign_left\"><span class=\"ff3 fc2 fs10 fb \"><br \/>\n<strong>Oczyszczanie p\u0119cherzyka \u017c\u00f3\u0142ciowego<\/strong><\/span><\/p>\n<p>Oczyszczaniu temu sprzyjaj\u0105:<span class=\"ff1 fc0 fs10 \"><br \/>\n<\/span><\/p>\n<ul class=\"imBullet\">\n<li style=\"list-style-type: none;\">\n<ul class=\"imBullet\">\n<li class=\"imAlign_left\"><span class=\"ff3 fc0 fs10 \">nierafinowane zbo\u017ca, str\u0105czkowe<\/span><\/li>\n<\/ul>\n<\/li>\n<\/ul>\n<p>&nbsp;<\/p>\n<ul class=\"imBullet\">\n<li style=\"list-style-type: none;\">\n<ul class=\"imBullet\">\n<li class=\"imAlign_left\"><span class=\"ff3 fc0 fs10 \">rzodkiew<\/span><\/li>\n<\/ul>\n<\/li>\n<\/ul>\n<p>&nbsp;<\/p>\n<ul class=\"imBullet\">\n<li style=\"list-style-type: none;\">\n<ul class=\"imBullet\">\n<li class=\"imAlign_left\"><span class=\"ff3 fc0 fs10 \">rzodkiewka<\/span><\/li>\n<\/ul>\n<\/li>\n<\/ul>\n<p>&nbsp;<\/p>\n<ul class=\"imBullet\">\n<li style=\"list-style-type: none;\">\n<ul class=\"imBullet\">\n<li class=\"imAlign_left\"><span class=\"ff3 fc0 fs10 \">limonki, cytryny<\/span><\/li>\n<\/ul>\n<\/li>\n<\/ul>\n<p>&nbsp;<\/p>\n<ul class=\"imBullet\">\n<li style=\"list-style-type: none;\">\n<ul class=\"imBullet\">\n<li class=\"imAlign_left\"><span class=\"ff3 fc0 fs10 \">gruszki<\/span><\/li>\n<\/ul>\n<\/li>\n<\/ul>\n<p>&nbsp;<\/p>\n<ul class=\"imBullet\">\n<li style=\"list-style-type: none;\">\n<ul class=\"imBullet\">\n<li class=\"imAlign_left\"><span class=\"ff3 fc0 fs10 \">pasternak<\/span><\/li>\n<\/ul>\n<\/li>\n<\/ul>\n<p>&nbsp;<\/p>\n<ul class=\"imBullet\">\n<li style=\"list-style-type: none;\">\n<ul class=\"imBullet\">\n<li class=\"imAlign_left\"><span class=\"ff3 fc0 fs10 \">wodorosty<\/span><\/li>\n<\/ul>\n<\/li>\n<\/ul>\n<p>&nbsp;<\/p>\n<ul class=\"imBullet\">\n<li style=\"list-style-type: none;\">\n<ul class=\"imBullet\">\n<li class=\"imAlign_left\"><span class=\"ff3 fc0 fs10 \">kurkuma<\/span><\/li>\n<\/ul>\n<\/li>\n<\/ul>\n<p>&nbsp;<\/p>\n<ul class=\"imBullet\">\n<li class=\"imAlign_left\"><span class=\"ff3 fc0 fs10 \">napar z lepczycy, rumianu szlachetnego<\/span><\/li>\n<\/ul>\n<p class=\"imAlign_left\"><span class=\"ff1 fc0 fs10 \"><br \/>\n<\/span><span class=\"ff3 fc0 fs10 \">Podczas oczyszczania p\u0119cherzyka \u017c\u00f3\u0142ciowego nale\u017cy unika\u0107 t\u0142ustych mi\u0119s, nabia\u0142u i jaj, orzech\u00f3w<\/span><span class=\"ff1 fc0 fs10 \"><br \/>\n<\/span><span class=\"ff3 fc0 fs10 \">i nasion.<\/span><\/p>\n<p><span class=\"ff3 fc0 fs10 fb \">Spos\u00f3b I<\/span><span class=\"ff1 fc0 fs10 \"><br \/>\n<\/span><span class=\"ff3 fc0 fs10 \">Przez 21 dni zjadaj dziennie 2-3 rzodkiewki mi\u0119dzy posi\u0142kami. Wypijaj 3 fili\u017canki naparu z lepczycy lub 5 fili\u017canek naparu z rumianu szlachetnego. Podczas kt\u00f3rego\u015b posi\u0142ku polej danie<\/span><span class=\"ff1 fc0 fs10 \"><br \/>\n<\/span><span class=\"ff3 fc0 fs10 \">5 \u0142y\u017ceczkami \u015bwie\u017cego t\u0142oczonego na zimno oleju lnianego (lub 2x po p\u00f3\u0142 dawki) przez 6 dni<\/span><span class=\"ff1 fc0 fs10 \"><br \/>\n<\/span><span class=\"ff3 fc0 fs10 \">w tygodniu w ci\u0105gu dw\u00f3ch miesi\u0119cy.<\/span><\/p>\n<p><span class=\"ff3 fc0 fs10 fb \">Spos\u00f3b II<\/span><span class=\"ff1 fc0 fs10 \"><br \/>\n<\/span><span class=\"ff3 fc0 fs10 \">Przez pi\u0119\u0107 dni po przebudzeniu, na pusty \u017co\u0142\u0105dek wypijaj 2 \u0142y\u017cki oliwy, a potem 2 \u0142y\u017cki soku<\/span><span class=\"ff1 fc0 fs10 \"><br \/>\n<\/span><span class=\"ff3 fc0 fs10 \">z cytryny. Wr\u00f3\u0107 do \u0142\u00f3\u017cka na 0.5 godz, po\u0142\u00f3\u017c si\u0119 na prawym boku z podkurczon\u0105 praw\u0105 nog\u0105.<\/span><\/p>\n<p><span class=\"ff3 fc2 fs10 fi \">Przygotowa\u0142a Halina Gruszewska<\/span><\/p>\n<\/div>\n<div>\u0179r\u00f3d\u0142o: http:\/\/www.chinskamedycyna.wroclaw.pl\/oczyszczanie.html<\/div>\n<\/div>\n<\/div>\n","protected":false},"excerpt":{"rendered":"<p>W\u0105troba to najwi\u0119kszy, strategiczny narz\u0105d wewn\u0119trzny. Wa\u017cy oko\u0142o p\u00f3\u0142tora kilograma i spe\u0142nia 500 zbadanych funkcji. Powszechnie uwa\u017ca si\u0119, \u017ce nie daje alarmuj\u0105cych sygna\u0142\u00f3w gdy choruje. To prawda, \u017ce nie boli, ale jej z\u0142a kondycja daje niespecyficzne objawy kt\u00f3re \u0142atwo przegapi\u0107: os\u0142abienie, nudno\u015bci, og\u00f3lne z\u0142e samopoczucie, rozdra\u017cnienie, b\u00f3le staw\u00f3w, \u015bwi\u0105d sk\u00f3ry.&nbsp;\u017beby zadba\u0107 o w\u0105trob\u0119 nie wystarczy, [&hellip;]<\/p>\n","protected":false},"author":1,"featured_media":0,"parent":0,"menu_order":0,"comment_status":"closed","ping_status":"closed","template":"template-fullwidth.php","meta":{"_monsterinsights_skip_tracking":false,"_monsterinsights_sitenote_active":false,"_monsterinsights_sitenote_note":"","_monsterinsights_sitenote_category":0,"footnotes":""},"class_list":["post-1549","page","type-page","status-publish","hentry"],"_links":{"self":[{"href":"https:\/\/zielarniapieninska.pl\/index.php\/wp-json\/wp\/v2\/pages\/1549","targetHints":{"allow":["GET"]}}],"collection":[{"href":"https:\/\/zielarniapieninska.pl\/index.php\/wp-json\/wp\/v2\/pages"}],"about":[{"href":"https:\/\/zielarniapieninska.pl\/index.php\/wp-json\/wp\/v2\/types\/page"}],"author":[{"embeddable":true,"href":"https:\/\/zielarniapieninska.pl\/index.php\/wp-json\/wp\/v2\/users\/1"}],"replies":[{"embeddable":true,"href":"https:\/\/zielarniapieninska.pl\/index.php\/wp-json\/wp\/v2\/comments?post=1549"}],"version-history":[{"count":3,"href":"https:\/\/zielarniapieninska.pl\/index.php\/wp-json\/wp\/v2\/pages\/1549\/revisions"}],"predecessor-version":[{"id":2878,"href":"https:\/\/zielarniapieninska.pl\/index.php\/wp-json\/wp\/v2\/pages\/1549\/revisions\/2878"}],"wp:attachment":[{"href":"https:\/\/zielarniapieninska.pl\/index.php\/wp-json\/wp\/v2\/media?parent=1549"}],"curies":[{"name":"wp","href":"https:\/\/api.w.org\/{rel}","templated":true}]}}