{"id":2111,"date":"2021-02-09T11:29:19","date_gmt":"2021-02-09T10:29:19","guid":{"rendered":"http:\/\/zielarniapieninska.pl\/?page_id=2111"},"modified":"2024-01-16T09:46:32","modified_gmt":"2024-01-16T08:46:32","slug":"dokumenty-do-szkolenia-z-zakresu-zielarstwa-i-fitoterapii","status":"publish","type":"page","link":"https:\/\/zielarniapieninska.pl\/index.php\/dokumenty-do-szkolenia-z-zakresu-zielarstwa-i-fitoterapii\/","title":{"rendered":"Rekrutacja i dokumenty do pobrania na  Szkolenie z zakresu Zielarstwa i Fitoterapii"},"content":{"rendered":"\n<figure class=\"wp-block-image size-large\"><a href=\"https:\/\/zielarniapieninska.pl\/wp-content\/uploads\/2023\/02\/Formularz-zgloszenia-kurs.pdf\"><img loading=\"lazy\" decoding=\"async\" width=\"457\" height=\"670\" src=\"https:\/\/zielarniapieninska.pl\/wp-content\/uploads\/2023\/01\/formularz.png\" alt=\"\" class=\"wp-image-2687\" srcset=\"https:\/\/zielarniapieninska.pl\/wp-content\/uploads\/2023\/01\/formularz.png 457w, https:\/\/zielarniapieninska.pl\/wp-content\/uploads\/2023\/01\/formularz-205x300.png 205w, https:\/\/zielarniapieninska.pl\/wp-content\/uploads\/2023\/01\/formularz-75x110.png 75w, https:\/\/zielarniapieninska.pl\/wp-content\/uploads\/2023\/01\/formularz-286x420.png 286w, https:\/\/zielarniapieninska.pl\/wp-content\/uploads\/2023\/01\/formularz-293x430.png 293w\" sizes=\"auto, (max-width: 457px) 100vw, 457px\" \/><\/a><\/figure>\n\n\n\n<div class=\"wp-block-file\"><a href=\"https:\/\/zielarniapieninska.pl\/wp-content\/uploads\/2023\/02\/Formularz-zgloszenia-kurs.pdf\">Formularz zg\u0142oszenia kurs<\/a><a href=\"https:\/\/zielarniapieninska.pl\/wp-content\/uploads\/2023\/02\/Formularz-zgloszenia-kurs.pdf\" class=\"wp-block-file__button\" download>Pobierz<\/a><\/div>\n\n\n<p style=\"padding-left: 40px;\">\u00a0<\/p>\n<p>Powy\u017csze dokumenty prosz\u0119 przekaza\u0107 na wybrany adres email: <strong>fundacja.logos@wp.pl<\/strong> , <strong>zielarniapieninska@wp.pl <\/strong>wraz z potwierdzeniem wp\u0142aty<\/p>\n<p>nr konta do wp\u0142aty :<\/p>\n<p>Fundacja Wspierania Inicjatyw Spo\u0142ecznych \u201eLogos\u201d.<\/p>\n<p>M BANK<\/p>\n<p>Nr konta: 88 1140 2004 0000 3402 7994 3978<\/p>\n<p>tytu\u0142em : Warsztat Zielarski 2024\/ imi\u0119 i nazwisko uczestnika<\/p>\n<p>\u00a0<\/p>\n\n\n<p><\/p>\n","protected":false},"excerpt":{"rendered":"<p>\u00a0 Powy\u017csze dokumenty prosz\u0119 przekaza\u0107 na wybrany adres email: fundacja.logos@wp.pl , zielarniapieninska@wp.pl wraz z potwierdzeniem wp\u0142aty nr konta do wp\u0142aty : Fundacja Wspierania Inicjatyw Spo\u0142ecznych \u201eLogos\u201d. M BANK Nr konta: 88 1140 2004 0000 3402 7994 3978 tytu\u0142em : Warsztat Zielarski 2024\/ imi\u0119 i nazwisko uczestnika \u00a0<\/p>\n","protected":false},"author":1,"featured_media":0,"parent":0,"menu_order":0,"comment_status":"closed","ping_status":"closed","template":"","meta":{"_monsterinsights_skip_tracking":false,"_monsterinsights_sitenote_active":false,"_monsterinsights_sitenote_note":"","_monsterinsights_sitenote_category":0,"footnotes":""},"class_list":["post-2111","page","type-page","status-publish","hentry"],"_links":{"self":[{"href":"https:\/\/zielarniapieninska.pl\/index.php\/wp-json\/wp\/v2\/pages\/2111","targetHints":{"allow":["GET"]}}],"collection":[{"href":"https:\/\/zielarniapieninska.pl\/index.php\/wp-json\/wp\/v2\/pages"}],"about":[{"href":"https:\/\/zielarniapieninska.pl\/index.php\/wp-json\/wp\/v2\/types\/page"}],"author":[{"embeddable":true,"href":"https:\/\/zielarniapieninska.pl\/index.php\/wp-json\/wp\/v2\/users\/1"}],"replies":[{"embeddable":true,"href":"https:\/\/zielarniapieninska.pl\/index.php\/wp-json\/wp\/v2\/comments?post=2111"}],"version-history":[{"count":18,"href":"https:\/\/zielarniapieninska.pl\/index.php\/wp-json\/wp\/v2\/pages\/2111\/revisions"}],"predecessor-version":[{"id":2834,"href":"https:\/\/zielarniapieninska.pl\/index.php\/wp-json\/wp\/v2\/pages\/2111\/revisions\/2834"}],"wp:attachment":[{"href":"https:\/\/zielarniapieninska.pl\/index.php\/wp-json\/wp\/v2\/media?parent=2111"}],"curies":[{"name":"wp","href":"https:\/\/api.w.org\/{rel}","templated":true}]}}