{"id":2232,"date":"2021-03-08T21:55:57","date_gmt":"2021-03-08T20:55:57","guid":{"rendered":"http:\/\/zielarniapieninska.pl\/?page_id=2232"},"modified":"2021-03-10T12:26:58","modified_gmt":"2021-03-10T11:26:58","slug":"nowa","status":"publish","type":"page","link":"https:\/\/zielarniapieninska.pl\/index.php\/nowa\/","title":{"rendered":"zajcewa"},"content":{"rendered":"<div id=\"sp-page\" class=\"spBgcover sp-content-1\" style=\"background-color: rgb(255, 255, 255); font-family: 'Helvetica Neue', Arial, sans-serif; font-weight: 400;\">\n<section id=\"sp-ks8a8s\" class=\"sp-el-section \" style=\"width: 100%; max-width: 100%; padding: 10px;\">\n<div id=\"sp-vw3kvy\" class=\"sp-el-row sm:sp-flex sp-justify-between sp-w-full  sp-m-auto\" style=\"padding: 0px; width: auto; max-width: 1000px;\">\n<div id=\"sp-aluee2\" class=\"sp-el-col sp-p-4  sp-w-full\" style=\"width: calc(100% - 0px); padding: 10px;\">\n<div id=\"tiny-vue_88502747251615375349044\" class=\"sp-css-target sp-text-wrapper mce-content-body html4-captions\"  style=\"padding: 10px; margin-top: 0px; text-align: left; position: relative;\" >\n<p>Poniewa\u017c wi\u0119kszo\u015b\u0107 ludzi to s\u0105 prawos\u0142awni, to ja powiem tak: B\u00f3g jest<br \/>m\u0105dry i my jeste\u015bmy zwi\u0105zani z natur\u0105. Ca\u0142e swoje \u017cycie od 8lat zajmuj\u0119 si\u0119<br \/>leczeniem za pomoc\u0105 zi\u00f3\u0142. Moja mama te\u017c du\u017co leczy\u0142a zio\u0142ami, leczy\u0142a tych ludzi,<br \/>kt\u00f3rzy byli ju\u017c prawie przy ko\u0144cu swojego \u017cycia, np. \u017co\u0142nierzy, kt\u00f3rzy byli ju\u017c jedn\u0105<br \/>nog\u0105 w trumnie.<br \/>Zaczn\u0119 z tego: kiedy B\u00f3g opu\u015bci\u0142 na nasz\u0105 ziemi\u0119 Adama i Ew\u0119, powiedzia\u0142<br \/>\u201e Ja wam daj\u0119 wszystko: powietrze, jedzenie i leczenie, a wy, ludzie pracujcie,<br \/>m\u00f3dlcie si\u0119, rozmna\u017cajcie si\u0119, \u017ceby moja ziemia rozwija\u0142a si\u0119, gdy\u017c wszystko<br \/>pochodzi od ziemi\u201d. B\u00f3g jest naszym tw\u00f3rc\u0105.<br \/>On stworzy\u0142 wszystko i ludzi, i zwierz\u0119ta. Powiedzia\u0142: \u201e Ja wam daj\u0119 drzewa, zio\u0142a i<br \/>nasiona\u201d Ale ludzie zapomnieli, \u017ce pochodz\u0105 od nasion, wszystkie zwierz\u0119ta i<br \/>ro\u015bliny pochodz\u0105 od nasion, tylko jeden B\u00f3g od ducha \u015bwi\u0119tego.<br \/>Od m\u0119skiego i \u017ce\u0144skiego nasiona w \u0142onie kobiety powstaje z tego nasiona<br \/>male\u0144ka istota, pojawia si\u0119 g\u0142owa, brzuszek, nast\u0119pnie pojawiaj\u0105 si\u0119 r\u0119ce i nogi, potem<br \/>w g\u0142owie pojawiaj\u0105 si\u0119 oczy, nos i pojawia si\u0119 m\u00f3zg. W rezultacie pojawia si\u0119<br \/>dziecko, ono ju\u017c krzyczy i widzi \u015bwiat\u0142o i wszystko rozumie, czy\u017c nie jest to cudo.<br \/>B\u00f3g nam daje wszystko z ziemi. Kiedy energia Boga p\u0142ynie z nieba to wszystko<br \/>zaczyna rosn\u0105\u0107. Pod ziemi\u0105 jest kr\u00f3lestwo ro\u015blinnych korzeni, je\u017celi popatrzymy na<br \/>niego zobaczymy miliony korzeni. Z kt\u00f3rych powstaje ro\u015blinno\u015b\u0107<br \/>Powiem tak, najwa\u017cniejsze jedzenie pochodzi tylko od ziemi. Ludzie ca\u0142y<br \/>czas hoduj\u0105 ro\u015bliny do jedzenia, za\u015b dzikie zio\u0142a wykorzystywali do leczenia. Im<br \/>wi\u0119cej dzikiej trawy pod stopami, tym wi\u0119cej mamy lek\u00f3w. Chwasty s\u0105 najbardziej<br \/>lecznicze. B\u00f3g wie, \u017ce chora osoba nie p\u00f3jdzie ani do lasu, ani do pola, to gdzie on<br \/>p\u00f3jdzie? Wyjdzie on ze swego domu i zobaczy mniszka lekarskiego, perz<br \/>w\u0142a\u015bciwy, babk\u0119, rdest ptasi, pokrzyw\u0119, wszystkie chwasty, kt\u00f3re depczemy,<br \/>wyrzucamy, kosimy, one s\u0105 najbardziej lecznicze.<br \/>Teraz powiem tak, ludzie stracili zwi\u0105zek z Bogiem i dlatego wszyscy<br \/>choruj\u0105. Wsp\u00f3\u0142cze\u015bnie na pierwszym miejscu mamy du\u017co onkologii, na drugim<br \/>miejscu stoj\u0105 choroby naczy\u0144 krwiono\u015bnych. Potem opowiem o przyczynach<br \/>choroby. Chc\u0119 powiedzie\u0107, je\u017celi krew jest czysta to \u017caden narz\u0105d nie b\u0119dzie chory i<br \/>B\u00f3g stworzy\u0142 wszystkie narz\u0105dy dla tego by oczyszcza\u0107 krew: w\u0105troba, kt\u00f3ra<br \/>oczyszcza od t\u0142uszczu trzustk\u0119, gdy\u017c jemy du\u017co t\u0142uszczu, organizm nie mo\u017ce sobie z<br \/>tym poradzi\u0107, nie przetwarza tego, a krew staje si\u0119 t\u0142usta \u2013 nazywa si\u0119 to cholesterol.<br \/>Serce i naczynia krwiono\u015bne cierpi\u0105 na t\u0142ust\u0105 krew, a naczynia w\u0142osowate m\u00f3zgu s\u0105<br \/>zatkane. Trzustka oczyszcza krew od s\u0142odyczy, gdy\u017c jemy za du\u017co<br \/>s\u0142odkiego i od tego mamy du\u017co chor\u00f3b. Insulina nie ma czasu na przetworzenie<br \/>ca\u0142ego cukru, a potem krew staje si\u0119 s\u0142odka i lepka. Nie czy\u015bci ju\u017c naszych kom\u00f3rek<br \/>i zaczyna si\u0119 cukrzyca, pojawiaj\u0105 si\u0119 skrzepy krwi, owrzodzenie n\u00f3g.<br \/>Nerki oczyszczaj\u0105 krew od zb\u0119dnej soli, kiedy krew jest bardzo nasycona<br \/>solami ona nie mo\u017ce normalnie funkcjonowa\u0107. S\u00f3l pozostaje w stawach, w<br \/>kr\u0119gos\u0142upie i zaczyna si\u0119 osteochondroza, reumatyzm, zapalenie korzeni<br \/>nerwowych, zapalenie wielostawowe, dna moczanowa. Du\u017co ludzi, nawet<br \/>m\u0142odych, cierpi na choroby kr\u0119gos\u0142upa i staw\u00f3w. To s\u0105 wszystkie choroby<\/p>\n<p>objawiaj\u0105ce si\u0119 przy du\u017cej ilo\u015bci soli we krwi.<br \/>Ja zawsze pytam chorego co jego boli i tylko potem robi\u0119 preparaty<br \/>zio\u0142owe. Moje preparaty zio\u0142owe mieszcz\u0105 od 14 do 20 r\u00f3\u017cnych traw. Na choroby<br \/>w\u0105troby daj\u0119 preparaty \u017c\u00f3\u0142ciop\u0119dne, te zio\u0142a lecz\u0105 w\u0105trob\u0119, udra\u017cniaj\u0105 drogi<br \/>\u017c\u00f3\u0142ciowe. Chc\u0119 powiedzie\u0107, \u017ce wszystkie choroby s\u0105 uleczalne, tylko nie rak<br \/>czwartego stopnia. Dwa pierwsze stadia raka da si\u0119 ca\u0142kowicie uleczy\u0107, trzecie<br \/>stadium \u2013 w zale\u017cno\u015bci od systemu odporno\u015bciowego, je\u017celi osoba jest silna i nie je<br \/>mi\u0119sa to kom\u00f3rki rakowe mog\u0105 przebywa\u0107 w organizmie przez 10 lat. Podczas 4<br \/>stadium raka kom\u00f3rki cz\u0142owieka si\u0119 rozpadaj\u0105, tego nie lecz\u0119.<br \/>Nie mo\u017cna te\u017c uleczy\u0107 dzieci\u0119cego pora\u017cenia m\u00f3zgowego. Wiele dzieci z t\u0105<br \/>diagnoz\u0105 s\u0105 po szczepieniach. W \u017cadnym wypadku nie nale\u017cy si\u0119 szczepi\u0107, jest to<br \/>specjalny program zniszczenia naszych dzieci. Tak wiele os\u00f3b sprzeciwia si\u0119<br \/>szczepieniom dzieci\u0119cym. Strasz\u0105 rodzic\u00f3w s\u0105dem, karami, grzywnami. Ratujcie<br \/>swoje dzieci.<br \/>Pyta\u0142am ludzi dlaczego wszyscy jeste\u015bcie chorzy? Po pierwsze, mamy<br \/>bardzo kiepskie jedzenie. Teraz wioski wymieraj\u0105, a wcze\u015bniej wszystko rozkwita\u0142o.<br \/>Powiem ci, aby nie zachorowa\u0107 musisz kopa\u0107 trzy korzenie: \u0142opian,<br \/>mniszka lekarskiego i perzu w\u0142a\u015bciwego. Korze\u0144 \u0142opianu leczy wszystkie<br \/>nowotwory, leczy cukrzyc\u0119 i stawy, leczy zapalenie w\u0105troby, marsko\u015b\u0107 w\u0105troby,<br \/>nerki i \u0142amie kamienie \u017c\u00f3\u0142ciowe. \u017baden lekarz nie leczy wszystkich chor\u00f3b a ten<br \/>korze\u0144 tak. leczy wszystkie choroby:&nbsp; sk\u00f3ry, gryp\u0119, zapalenie zatok, mia\u017cd\u017cyc\u0119,<br \/>leczy parali\u017c, sparali\u017cowani ludzie, kt\u00f3rzy le\u017c\u0105 latami musz\u0105 pi\u0107 korze\u0144 \u0142opianu<br \/>przez bardzo d\u0142ugi czas \u2013 6do 12 miesi\u0119cy i te osoby wstaj\u0105. Z li\u015bci \u0142opianu mo\u017cna<br \/>zrobi\u0107 zup\u0119, sa\u0142atk\u0119, mo\u017cna sma\u017cy\u0107 i piec. Mo\u017cna zrobi\u0107 kaw\u0119 z korzenia.<br \/>Ja prowadzi\u0142am wyk\u0142ady dla lekarzy i oni potwierdzaj\u0105 nie lecza wszystkich chor\u00f3b<br \/>M\u0105dro\u015b\u0107 Boga jest nie por\u00f3wnywalna, Pan troszczy si\u0119 o nas.<br \/>Mniszek lekarski to bardzo silna ro\u015blina, kt\u00f3ra przebija si\u0119 nawet przez<br \/>asfalt. Korze\u0144 mniszka lekarskiego leczy:&nbsp; raka w\u0105troby, \u017co\u0142\u0105dka i raka krwi, leczy<br \/>zapalenie trzustki i stawy. Nikt nie leczy raka krwi. Nawet \u017cona by\u0142ego prezydenta<br \/>ZSRR \u2013 Gorbaczowa, nie zosta\u0142a uleczona w Niemczech, tam pojecha\u0142a i tam<br \/>zosta\u0142a. Mniszek lekarski leczy raka krwi. Leczy zapalenie trzustki, diatez\u0119, \u0142agodzi<br \/>b\u00f3l brzucha. Gdy zjesz co\u015b nie \u015awierzego te\u017c mo\u017cna wypi\u0107 napar z mniszka.<br \/>Korze\u0144 perzu w\u0142a\u015bciwego to z\u0142o\u015bliwy chwast, jego korzenie rosn\u0105 we<br \/>wszystkich kierunkach jak druty. Lubi\u0105 go psy i koty. Ale ka\u017cda osoba go<br \/>potrzebuje. Nie ma \u017cadnego zio\u0142a, kt\u00f3re nie leczy. Ka\u017cde zio\u0142o leczy i kazde zio\u0142o<br \/>jest b\u0142ogos\u0142awione przez Boga.<br \/>Co za m\u0105dry B\u00f3g, ile daje nam wszystkiego, ale ludzie o tym nie wiedz\u0105 nie<br \/>korzystaj\u0105 i s\u0105 chorzy. Korze\u0144 perzu w\u0142a\u015bciwego przywraca do normy zaburzony<br \/>metabolizm u ludzi, leczy obrz\u0119ki, zapalenie nerek i zapalenie p\u0119cherza moczowego,<br \/>a tak\u017ce kamienie nerkowe, leczy \u017c\u00f3\u0142taczk\u0119 i gru\u017alic\u0119 p\u0142uc. Jego \u015bwie\u017ce li\u015bcie ch\u0119tnie<br \/>zjadane s\u0105 przez koty i psy. Napar i wywar z korzenia u\u017cywany do obrz\u0119k\u00f3w,<br \/>przewlek\u0142ego zapalenia oskrzeli, na kaszle, reumatyzmy. Sok lub wywar ze \u015bwie\u017cej<br \/>ro\u015bliny dobrze pomaga przy utracie wzroku, leczy dysfunkcj\u0119 jajnik\u00f3w,<\/p>\n<p>nietrzymanie moczu u os\u00f3b starszych. Kamienie \u017c\u00f3\u0142ciowe, to zio\u0142o nie ma<br \/>przeciwwskaza\u0144.<br \/>W naszej rodzinie by\u0142o 8 dzieci i jak tylko nadchodzi\u0142a wiosna mama<br \/>kaza\u0142a nam i\u015b\u0107 i zbiera\u0107 perz w\u0142a\u015bciwy. Po zbiorach myli\u015bmy je i suszyli\u015bmy,<br \/>mieli\u015bmy oko\u0142o 25-30 work\u00f3w tej trawy.<br \/>Podczas wojny robili\u015bmy m\u0105k\u0119 z tej trawy i piekli\u015bmy chleb, robili\u015bmy z niej kaw\u0119,<br \/>kt\u00f3ra dawa\u0142a du\u017co energii.<br \/>Przepis na wywar z korzenia: 1 \u0142y\u017ck\u0119 suchych, zmia\u017cd\u017conych korzeni zala\u0107<br \/>2 szklankami wrz\u0105cej wody, gotowa\u0107 przez 5-7 minut i zostawi\u0107 go na 2 godziny.<br \/>P\u00f3\u017aniej ods\u0105czy\u0107 i pi\u0107 3 razy dziennie p\u00f3\u0142 szklanki przed ka\u017cdym posi\u0142kiem za 10-<br \/>15 minut. Wszystkie zio\u0142a nale\u017cy pi\u0107 przed posi\u0142kami, bo najpierw krew wch\u0142ania<br \/>napar, a potem jedzenie.<br \/>Chc\u0119 te\u017c porozmawia\u0107 o zaletach brzozy. Je\u017celi masz li\u015bcie brzozy i trzy<br \/>korzenie to nikt w twojej rodzinie nie b\u0119dzie chorowa\u0107. Brzoza leczy choroby<br \/>kobiece onkologiczne, leczy uk\u0142ad oddechowy, wrzody \u017co\u0142\u0105dka i podnosi poziom<br \/>hemoglobiny, leczy choroby w\u0105troby, nerek, leczy dolegliwo\u015bci uszu i gard\u0142a oraz<br \/>nosa, choroby zaka\u017ane i weneryczne, choroby psychiczne. Niszczy paso\u017cyty,<br \/>nerwice, wiele os\u00f3b si\u0119 denerwuje i brzoza bardzo na to pomaga. Li\u015b\u0107 brzozy leczy<br \/>depresj\u0119, apati\u0119 i zaburzenia snu. Leczy cukrzyc\u0119, choroby z\u0119b\u00f3w i jamy ustnej. Jak<br \/>tylko ma\u0142e li\u015bcie pojawia si\u0119 nale\u017cy je zebra\u0107 wczesn\u0105 wiosn\u0105 przed Tr\u00f3jc\u0105 (\u015bwi\u0119to<br \/>prawos\u0142awne).<br \/>Tak\u017ce chc\u0119 porozmawia\u0107 o korzy\u015bciach p\u0142yn\u0105cych z pokrzywy. W Rosji<br \/>medycy uznaj\u0105 pokrzyw\u0119. Pokrzywa stosowana jest w chorobach \u015bledziony,<br \/>p\u0119cherza \u017c\u00f3\u0142ciowego, pomaga podczas padaczki i histerii, pomaga w krzepni\u0119ciu<br \/>krwi. Stosowana podczas zapalenia oskrzeli, p\u0142uc, b\u00f3le g\u0142owy, niedokrwisto\u015bci,<br \/>wychudzeniu, krwawieniu z nerek, macicy, p\u0142uc, lekarze nie mog\u0105 zatrzyma\u0107<br \/>krwawienia a pokrzywa mo\u017ce. Ka\u017cdy krwotok jest hamowany przez pokrzyw\u0119 w<br \/>ci\u0105gu dw\u00f3ch dni. Jest bardzo bogata w hemoglobin\u0119, przywraca formu\u0142\u0119 krwi.<br \/>Mamy wiele niezale\u017cnych system\u00f3w dlatego,zawsze trzeba parzy\u0107 kilkana\u015bcie zi\u00f3\u0142<br \/>(15-20 traw) i pic przynajmniej przez miesi\u0105c. A kt\u00f3ry jest powa\u017cnie chory \u2013 przez<br \/>2-3 miesi\u0105ca. Ka\u017cde z zi\u00f3\u0142 b\u0119dzie leczy\u0107 chory organ.<br \/>Jak parzy\u0107 zio\u0142a.<br \/>Dwie \u0142y\u017cki mieszanki zio\u0142owej zalej 2 szklankami wrz\u0105cej wody i zostaw na 30-40<br \/>minut. Ods\u0105cz i pij po p\u00f3\u0142 szklanki 3 razy dziennie przed posi\u0142kami. Korzenie<br \/>gotujemy li\u015bcie parzymy. Zawsze zbieram oko\u0142o 25 korzeni.<br \/>Obecnie w Rosji odnawia si\u0119 klasztory, gdzie zbieraj\u0105 zio\u0142a i poza<br \/>bramami klasztoru sprzedaj\u0105 preparaty zio\u0142owe.<br \/>Teraz nasza medycyna znajduje si\u0119 w g\u0142uchym zak\u0105tku. W tej chwili mamy<br \/>du\u017co nowoczesnego medycznego sprz\u0119tu a chorych coraz wi\u0119cej. Powiem, \u017ce trzeba<br \/>wr\u00f3ci\u0107 do medycyny tradycyjnej. Wcze\u015bniej w ka\u017cdym domu leczono si\u0119 tylko<br \/>zio\u0142ami, a ca\u0142e byd\u0142o jad\u0142o zio\u0142a, such\u0105 traw\u0119. Wcze\u015bniej w ka\u017cdym domu by\u0142o wiele<\/p>\n<p>zi\u00f3\u0142, wszyscy byli zdrowi. M\u00f3wi\u0119 lekarzom, \u017ce leczysz martwymi tabletkami,<br \/>proszkami, w tych pigu\u0142kach s\u0105 barwniki i chemikalia. M\u00f3wi\u0105 mi, \u017ce moje suszone<br \/>zio\u0142a te\u017c s\u0105 martwe. Ja mu m\u00f3wi\u0119 nie, tutaj s\u0105 nasiona koperku, posad\u017a je i b\u0119dzie<br \/>rosn\u0105\u0107, a w\u0142\u00f3\u017c pigu\u0142k\u0119 do ziemi, co z niej wyjdzie? Krowa je traw\u0119 i daje mleko, a<br \/>je\u015bli dasz jej pigu\u0142k\u0119 zamiast mleka dawa\u0107 to ona umrze. U ludzi wszystkie kom\u00f3rki<br \/>s\u0105 \u017cywe, dlatego tylko \u017cywym trzeba leczy\u0107 \u017cywego.<br \/>B\u00f3g daje nam to za darmo lekarstwa a ludzie z nich nie korzystaj\u0105.<br \/>Zio\u0142a nale\u017cy zbiera\u0107 w pogodny s\u0142oneczny dzie\u0144, po rosie, do 15-16 godziny dnia.<br \/>Ja znam wielu ludzi kt\u00f3rzy nie znaj\u0105 tabletki maj\u0105 po 90do 100 lat.<br \/>Ludzie bardzo choruj\u0105, kiedy jedz\u0105 mi\u0119so i nie poszcz\u0105. Mi\u0119so jest obecnie bardzo<br \/>z\u0142ej jako\u015bci. Tylko drapie\u017cniki powinny je\u015b\u0107 du\u017co mi\u0119sa.<br \/>Gdy w ogrodzie kie\u0142kuj\u0105 chwasty nie powiniene\u015b ich wyrzuca\u0107, one&nbsp;s\u0105 dane przez<br \/>Boga do leczenia.<br \/>Przeczyta\u0142am w swoim \u017cyciu du\u017co ksi\u0105\u017cek o zio\u0142ach i radze wam te\u017c.<\/p>\n<\/div>\n<\/div>\n<\/div>\n<\/section>\n<\/div>\n","protected":false},"excerpt":{"rendered":"<p>Poniewa\u017c wi\u0119kszo\u015b\u0107 ludzi to s\u0105 prawos\u0142awni, to ja powiem tak: B\u00f3g jestm\u0105dry i my jeste\u015bmy zwi\u0105zani z natur\u0105. Ca\u0142e swoje \u017cycie od 8lat zajmuj\u0119 si\u0119leczeniem za pomoc\u0105 zi\u00f3\u0142. Moja mama te\u017c du\u017co leczy\u0142a zio\u0142ami, leczy\u0142a tych ludzi,kt\u00f3rzy byli ju\u017c prawie przy ko\u0144cu swojego \u017cycia, np. \u017co\u0142nierzy, kt\u00f3rzy byli ju\u017c jedn\u0105nog\u0105 w trumnie.Zaczn\u0119 z tego: kiedy [&hellip;]<\/p>\n","protected":false},"author":1,"featured_media":0,"parent":0,"menu_order":0,"comment_status":"closed","ping_status":"closed","template":"","meta":{"_monsterinsights_skip_tracking":false,"_monsterinsights_sitenote_active":false,"_monsterinsights_sitenote_note":"","_monsterinsights_sitenote_category":0,"footnotes":""},"class_list":["post-2232","page","type-page","status-publish","hentry"],"_links":{"self":[{"href":"https:\/\/zielarniapieninska.pl\/index.php\/wp-json\/wp\/v2\/pages\/2232","targetHints":{"allow":["GET"]}}],"collection":[{"href":"https:\/\/zielarniapieninska.pl\/index.php\/wp-json\/wp\/v2\/pages"}],"about":[{"href":"https:\/\/zielarniapieninska.pl\/index.php\/wp-json\/wp\/v2\/types\/page"}],"author":[{"embeddable":true,"href":"https:\/\/zielarniapieninska.pl\/index.php\/wp-json\/wp\/v2\/users\/1"}],"replies":[{"embeddable":true,"href":"https:\/\/zielarniapieninska.pl\/index.php\/wp-json\/wp\/v2\/comments?post=2232"}],"version-history":[{"count":6,"href":"https:\/\/zielarniapieninska.pl\/index.php\/wp-json\/wp\/v2\/pages\/2232\/revisions"}],"predecessor-version":[{"id":2239,"href":"https:\/\/zielarniapieninska.pl\/index.php\/wp-json\/wp\/v2\/pages\/2232\/revisions\/2239"}],"wp:attachment":[{"href":"https:\/\/zielarniapieninska.pl\/index.php\/wp-json\/wp\/v2\/media?parent=2232"}],"curies":[{"name":"wp","href":"https:\/\/api.w.org\/{rel}","templated":true}]}}