{"id":2346,"date":"2022-02-16T15:19:44","date_gmt":"2022-02-16T14:19:44","guid":{"rendered":"http:\/\/zielarniapieninska.pl\/?page_id=2346"},"modified":"2022-03-31T16:02:58","modified_gmt":"2022-03-31T14:02:58","slug":"nocowanie","status":"publish","type":"page","link":"https:\/\/zielarniapieninska.pl\/index.php\/nocowanie\/","title":{"rendered":"NOCOWANIE"},"content":{"rendered":"<div id=\"sp-page\" class=\"spBgcover sp-content-1\" style=\"background-color: rgb(255, 255, 255); font-family: 'Helvetica Neue', Arial, sans-serif; font-weight: 400;\">\n<section id=\"sp-ks8a8s\" class=\"sp-el-section \" style=\"width: 100%; max-width: 100%; padding: 10px;\">\n<div id=\"sp-vw3kvy\" class=\"sp-el-row sm:sp-flex sp-justify-between sp-w-full  sp-m-auto\" style=\"padding: 0px; width: 100%; max-width: 100%;\">\n<div id=\"sp-zjjfkj\" class=\"sp-el-col sp-p-4  sp-w-full\" style=\"width: calc(100% - 0px); padding: 10px;\">\n<div id=\"sp-gm2bnn\" class=\"sp-css-target sp-text-wrapper\" style=\"padding: 10px; margin-top: 0px; text-align: left;\">\n<h1 class=\"entry-title\" style=\"text-align: center;\">Noclegi<\/h1>\n<\/div>\n<\/div>\n<\/div>\n<\/section>\n<section id=\"sp-kip2ia\" class=\"sp-el-section \" style=\"width: 100%; max-width: 100%; padding: 10px;\">\n<div id=\"sp-dnlabe\" class=\"sp-el-row sm:sp-flex sp-justify-between sp-w-full  sp-m-auto\" style=\"padding: 0px; width: auto; max-width: 1000px;\">\n<div id=\"sp-oeypp2\" class=\"sp-el-col sp-p-4  sp-w-full\" style=\"width: calc(100% - 0px); padding: 10px;\"><\/div>\n<\/div>\n<\/section>\n<section id=\"sp-r79aq6\" class=\"sp-el-section \" style=\"width: 100%; max-width: 100%; padding: 10px;\">\n<div id=\"sp-lor96j\" class=\"sp-el-row sm:sp-flex sp-justify-between sp-w-full  sp-m-auto\" style=\"padding: 0px; width: auto; max-width: 1000px;\">\n<div id=\"sp-wjvbqs\" class=\"sp-el-col sp-p-4  sp-w-full\" style=\"width: calc(65% - 0px); padding: 10px;\">\n<div id=\"sp-w0kyp8\" class=\"sp-css-target sp-text-wrapper\" style=\"padding: 10px; margin-top: 0px; text-align: left;\">\n<p>O\u015brodek jest atrakcyjnie po\u0142o\u017cony, pod zboczem g\u00f3ry w bezpo\u015brednim s\u0105siedztwie z Pieni\u0144skim Parkiem Krajobrazowym w Jaworkach.<br \/>Dysponujemy 2- ,3- , 4- osobowymi pokojami oraz 2 apartamentami, o wysokim standardzie, wszystkie z pe\u0142nym w\u0119z\u0142em sanitarnym.<br \/>Jest mo\u017cliwo\u015b\u0107 korzystania z aneksu kuchennego, jadalni, sali kominkowej, grilla.<\/p>\n<p>&nbsp;<\/p>\n<\/div>\n<\/div>\n<div id=\"sp-x4cxta\" class=\"sp-el-col sp-p-4  sp-w-full\" style=\"width: calc(35% - 0px); padding: 10px;\">\n<figure id=\"sp-do6kbl\" class=\"sp-image-wrapper\" style=\"margin-top: 0px; padding: 10px; text-align: center;\"><span><img decoding=\"async\" src=\"http:\/\/zielarniapieninska.pl\/wp-content\/uploads\/2019\/09\/dzika.jpg\" alt=\"\"><\/span><\/figure>\n<\/div>\n<\/div>\n<\/section>\n<section id=\"sp-yznsty\" class=\"sp-el-section \" style=\"width: 100%; max-width: 100%; padding: 10px;\">\n<div id=\"sp-jkxr2t\" class=\"sp-el-row sm:sp-flex sp-justify-between sp-w-full  sp-m-auto\" style=\"padding: 0px; width: auto; max-width: 1000px;\">\n<div id=\"sp-e45p5g\" class=\"sp-el-col sp-p-4  sp-w-full\" style=\"width: calc(25% - 0px); padding: 10px;\">\n<figure id=\"sp-jthf7t\" class=\"sp-image-wrapper\" style=\"margin-top: 0px; padding: 10px; text-align: center;\"><span><img decoding=\"async\" src=\"http:\/\/zielarniapieninska.pl\/wp-content\/uploads\/2020\/04\/pokoj.jpg\" alt=\"\"><\/span><\/figure>\n<\/div>\n<div id=\"sp-c0wdd4\" class=\"sp-el-col sp-p-4  sp-w-full\" style=\"width: calc(25% - 0px); padding: 10px;\">\n<figure id=\"sp-svrr4f\" class=\"sp-image-wrapper\" style=\"margin-top: 0px; padding: 10px; text-align: center;\"><span><img decoding=\"async\" src=\"http:\/\/zielarniapieninska.pl\/wp-content\/uploads\/2020\/04\/370_HDR2-800x445.jpg\" alt=\"\"><\/span><\/figure>\n<\/div>\n<div id=\"sp-rz9hvb\" class=\"sp-el-col sp-p-4  sp-w-full\" style=\"width: calc(25% - 0px); padding: 10px;\">\n<figure id=\"sp-np76bp\" class=\"sp-image-wrapper\" style=\"margin-top: 0px; padding: 10px; text-align: center;\"><span><img decoding=\"async\" src=\"http:\/\/zielarniapieninska.pl\/wp-content\/uploads\/2020\/04\/sala-kominkowa.jpg\" alt=\"\"><\/span><\/figure>\n<\/div>\n<div id=\"sp-dyokib\" class=\"sp-el-col sp-p-4  sp-w-full\" style=\"width: calc(25% - 0px); padding: 10px;\">\n<figure id=\"sp-uwwi7p\" class=\"sp-image-wrapper\" style=\"margin-top: 0px; padding: 10px; text-align: center;\"><span><img decoding=\"async\" src=\"http:\/\/zielarniapieninska.pl\/wp-content\/uploads\/2020\/04\/370_HDR2-800x445.jpg\" alt=\"\"><\/span><\/figure>\n<\/div>\n<\/div>\n<\/section>\n<section id=\"sp-f5o8tb\" class=\"sp-el-section \" style=\"width: 100%; max-width: 100%; padding: 10px;\">\n<div id=\"sp-wy428z\" class=\"sp-el-row sm:sp-flex sp-justify-between sp-w-full  sp-m-auto\" style=\"padding: 0px; width: auto; max-width: 1000px;\">\n<div id=\"sp-lkpmkb\" class=\"sp-el-col sp-p-4  sp-w-full\" style=\"width: calc(35% - 0px); padding: 10px;\">\n<div id=\"sp-p8qm11\" class=\"sp-css-target sp-text-wrapper\" style=\"padding: 10px; margin-top: 0px; text-align: left;\">\n<p><strong>Rezerwacje:<\/strong><br \/><strong>fundacja.logos@wp.pl&nbsp; &nbsp; &nbsp;&nbsp;<\/strong><\/p>\n<p><strong>&nbsp;<\/strong><strong>tel. 514-121-175<\/strong><\/p>\n<p>&nbsp;<\/p>\n<p>&nbsp;<\/p>\n<p>&nbsp;<\/p>\n<\/div>\n<div id=\"sp-hjbw2l\" class=\"sp-css-target sp-text-wrapper\" style=\"padding: 10px; margin-top: 0px; text-align: left;\"><\/div>\n<div class=\"sp-button-wrapper\" style=\"padding: 10px; margin-top: 0px; text-align: center;\"><a href=\"http:\/\/jaworkiamon.pl\/\" id=\"sp-c6b61y\" target=\"\" rel=\"noopener\" class=\"sp-button sp-css-target sp-text-center sp-inline-block sp-leading-none\" style=\"font-size: 22px; background: linear-gradient(-180deg, rgb(251, 140, 0), rgb(215, 120, 0) 90%); color: rgb(255, 255, 255); width: auto; padding: 16px 20px; border-radius: 4px; border: 1px solid rgb(200, 112, 0); box-shadow: rgba(255, 255, 255, 0.2) 0px 1px 0px inset;\"><span>EKOBAZA<br \/>zaprasza na noclegi w samym &#8222;Sercu Pienin&#8221;<\/span><\/a><\/div>\n<\/div>\n<div id=\"sp-zbpx06\" class=\"sp-el-col sp-p-4  sp-w-full\" style=\"width: calc(65% - 0px); padding: 10px;\">\n<figure id=\"sp-fanxd8\" class=\"sp-image-wrapper\" style=\"margin-top: 0px; padding: 10px; text-align: center;\"><span><img decoding=\"async\" src=\"http:\/\/zielarniapieninska.pl\/wp-content\/uploads\/2020\/04\/amon.jpg\" alt=\"\"><\/span><\/figure>\n<\/div>\n<\/div>\n<\/section>\n<section id=\"sp-pkgx9i\" class=\"sp-el-section \" style=\"width: 100%; max-width: 100%; padding: 10px;\">\n<div id=\"sp-fnqm90\" class=\"sp-el-row sm:sp-flex sp-justify-between sp-w-full  sp-m-auto\" style=\"padding: 0px; width: auto; max-width: 1000px;\">\n<div id=\"sp-bkf3ow\" class=\"sp-el-col sp-p-4  sp-w-full\" style=\"width: calc(35% - 0px); padding: 10px;\">\n<div id=\"sp-ex3cbh\" class=\"sp-css-target sp-text-wrapper\" style=\"font-size: 19px; padding: 10px; margin-top: 0px; text-align: left;\">\n<p><strong>EKOBAZA W JAWORKACH&nbsp; &nbsp; &nbsp; &nbsp; &nbsp; &nbsp; &nbsp; &nbsp; &nbsp; &nbsp;&nbsp;<\/strong><\/p>\n<p><strong> Koszt pobytu osoby za dob\u0119 przy pe\u0142nym ob\u0142o\u017ceniu wynosi:<\/strong><\/p>\n<p>Pok. Czteroosobowy 50 z\u0142<br \/>Pok. Trzyosobowy&nbsp; z balkonem 65 z\u0142<br \/>Pok. Dwuosobowy 75 z\u0142<br \/>apartament \u2013 w\u0142asny aneks kuchenny \/85 z\u0142 przy czterech osobach; 70 z\u0142 przy sze\u015bciu osobach<\/p>\n<\/div>\n<\/div>\n<div id=\"sp-ue39hb\" class=\"sp-el-col sp-p-4  sp-w-full\" style=\"width: calc(65% - 0px); padding: 10px;\">\n<div id=\"sp-ml3u2e\" class=\"sp-video-control sp-flex\" style=\"padding: 10px; justify-content: center; margin-top: 0px;\">\n<div class=\"sp-video-wrapper\" style=\"width: 100%; max-width: 100%;\">\n<div class=\"sp-video-responsive\"><iframe loading=\"lazy\" width=\"560\" height=\"315\" src=\"https:\/\/www.youtube.com\/embed\/xnQPrgb_yXU\" frameborder=\"0\" allowfullscreen=\"allowfullscreen\"><\/iframe><\/div>\n<\/div>\n<\/div>\n<\/div>\n<\/div>\n<\/section>\n<section id=\"sp-uxt6g9\" class=\"sp-el-section \" style=\"width: 100%; max-width: 100%; padding: 10px;\">\n<div id=\"sp-yfgh41\" class=\"sp-el-row sm:sp-flex sp-justify-between sp-w-full  sp-m-auto\" style=\"padding: 0px; width: auto; max-width: 1000px;\">\n<div id=\"sp-hk1wlq\" class=\"sp-el-col sp-p-4  sp-w-full\" style=\"width: calc(100% - 0px); padding: 10px;\">\n<h1 id=\"sp-s8048w\" class=\"sp-css-target\" style=\"text-align: center; padding: 10px; margin-top: 0px;\">KWATERY Z KOMINKIEM<\/h1>\n<\/div>\n<\/div>\n<div id=\"sp-vc3ek9\" class=\"sp-el-row sm:sp-flex sp-justify-between sp-w-full  sp-m-auto\" style=\"padding: 0px; width: auto; max-width: 1000px;\">\n<div id=\"sp-gq8hub\" class=\"sp-el-col sp-p-4  sp-w-full\" style=\"width: calc(65% - 0px); padding: 10px;\">\n<figure id=\"sp-rthfj2\" class=\"sp-image-wrapper\" style=\"margin-top: 0px; padding: 10px; text-align: center;\"><span><img decoding=\"async\" src=\"http:\/\/zielarniapieninska.pl\/wp-content\/uploads\/2019\/10\/img_0079.jpg\" alt=\"\" style=\"box-shadow: rgba(0, 0, 0, 0.1) 0px 1px 3px 0px, rgba(0, 0, 0, 0.6) 0px 1px 2px 0px;\"><\/span><\/figure>\n<\/div>\n<div id=\"sp-rk39jj\" class=\"sp-el-col sp-p-4  sp-w-full\" style=\"width: calc(35% - 0px); padding: 10px;\">\n<h1 id=\"sp-mh2oqf\" class=\"sp-css-target\" style=\"text-align: center; padding: 10px; margin-top: 0px;\"><\/h1>\n<div id=\"sp-fh3jr8\" class=\"sp-spacer\" style=\"height: 60px;\"><\/div>\n<div id=\"sp-xz5igi\" class=\"sp-css-target sp-text-wrapper\" style=\"font-size: 21px; padding: 10px; margin-top: 0px; text-align: left;\">\n<p style=\"text-align: center;\">&nbsp;Koszt pobytu osoby za dob\u0119 przy pe\u0142nym ob\u0142o\u017ceniu.&nbsp; &nbsp;<br \/>Pok. Czteroosobowy 40 z\u0142\/osoba<br \/>Pok. Trzyosobowy 40 z\u0142\/osoba<\/p>\n<\/div>\n<\/div>\n<\/div>\n<\/section>\n<section id=\"sp-sy1pyw\" class=\"sp-el-section \" style=\"width: 100%; max-width: 100%; padding: 10px;\">\n<div id=\"sp-ew396y\" class=\"sp-el-row sm:sp-flex sp-justify-between sp-w-full  sp-m-auto\" style=\"padding: 0px; width: auto; max-width: 1000px;\">\n<div id=\"sp-jj1dz0\" class=\"sp-el-col sp-p-4  sp-w-full\" style=\"width: calc(33.3333% - 0px); padding: 10px;\">\n<figure id=\"sp-kp0j4b\" class=\"sp-image-wrapper\" style=\"margin-top: 0px; padding: 10px; text-align: center;\"><span><img decoding=\"async\" src=\"http:\/\/zielarniapieninska.pl\/wp-content\/uploads\/2019\/10\/rezerwat-bia\u0142a-woda.jpg\" alt=\"\"><\/span><\/figure>\n<\/div>\n<div id=\"sp-j3h7xm\" class=\"sp-el-col sp-p-4  sp-w-full\" style=\"width: calc(33.3333% - 0px); padding: 10px;\">\n<figure id=\"sp-xfzfcc\" class=\"sp-image-wrapper\" style=\"margin-top: 0px; padding: 10px; text-align: center;\"><span><img decoding=\"async\" src=\"http:\/\/zielarniapieninska.pl\/wp-content\/uploads\/2019\/09\/panorama-bia\u0142ej.jpg\" alt=\"\"><\/span><\/figure>\n<\/div>\n<div id=\"sp-c8nk39\" class=\"sp-el-col sp-p-4  sp-w-full\" style=\"width: calc(33.3333% - 0px); padding: 10px;\">\n<figure id=\"sp-y3e3oe\" class=\"sp-image-wrapper\" style=\"margin-top: 0px; padding: 10px; text-align: center;\"><span><img decoding=\"async\" src=\"http:\/\/zielarniapieninska.pl\/wp-content\/uploads\/2019\/10\/foto_1.jpg\" alt=\"\"><\/span><\/figure>\n<\/div>\n<\/div>\n<\/section>\n<\/div>\n","protected":false},"excerpt":{"rendered":"<p>Noclegi O\u015brodek jest atrakcyjnie po\u0142o\u017cony, pod zboczem g\u00f3ry w bezpo\u015brednim s\u0105siedztwie z Pieni\u0144skim Parkiem Krajobrazowym w Jaworkach.Dysponujemy 2- ,3- , 4- osobowymi pokojami oraz 2 apartamentami, o wysokim standardzie, wszystkie z pe\u0142nym w\u0119z\u0142em sanitarnym.Jest mo\u017cliwo\u015b\u0107 korzystania z aneksu kuchennego, jadalni, sali kominkowej, grilla. &nbsp; Rezerwacje:fundacja.logos@wp.pl&nbsp; &nbsp; &nbsp;&nbsp; &nbsp;tel. 514-121-175 &nbsp; &nbsp; &nbsp; EKOBAZAzaprasza na noclegi [&hellip;]<\/p>\n","protected":false},"author":1,"featured_media":0,"parent":0,"menu_order":0,"comment_status":"closed","ping_status":"closed","template":"","meta":{"_monsterinsights_skip_tracking":false,"_monsterinsights_sitenote_active":false,"_monsterinsights_sitenote_note":"","_monsterinsights_sitenote_category":0,"footnotes":""},"class_list":["post-2346","page","type-page","status-publish","hentry"],"_links":{"self":[{"href":"https:\/\/zielarniapieninska.pl\/index.php\/wp-json\/wp\/v2\/pages\/2346","targetHints":{"allow":["GET"]}}],"collection":[{"href":"https:\/\/zielarniapieninska.pl\/index.php\/wp-json\/wp\/v2\/pages"}],"about":[{"href":"https:\/\/zielarniapieninska.pl\/index.php\/wp-json\/wp\/v2\/types\/page"}],"author":[{"embeddable":true,"href":"https:\/\/zielarniapieninska.pl\/index.php\/wp-json\/wp\/v2\/users\/1"}],"replies":[{"embeddable":true,"href":"https:\/\/zielarniapieninska.pl\/index.php\/wp-json\/wp\/v2\/comments?post=2346"}],"version-history":[{"count":9,"href":"https:\/\/zielarniapieninska.pl\/index.php\/wp-json\/wp\/v2\/pages\/2346\/revisions"}],"predecessor-version":[{"id":2495,"href":"https:\/\/zielarniapieninska.pl\/index.php\/wp-json\/wp\/v2\/pages\/2346\/revisions\/2495"}],"wp:attachment":[{"href":"https:\/\/zielarniapieninska.pl\/index.php\/wp-json\/wp\/v2\/media?parent=2346"}],"curies":[{"name":"wp","href":"https:\/\/api.w.org\/{rel}","templated":true}]}}