{"id":2353,"date":"2022-02-16T15:50:36","date_gmt":"2022-02-16T14:50:36","guid":{"rendered":"http:\/\/zielarniapieninska.pl\/?page_id=2353"},"modified":"2022-02-16T15:50:36","modified_gmt":"2022-02-16T14:50:36","slug":"wolontariat","status":"publish","type":"page","link":"https:\/\/zielarniapieninska.pl\/index.php\/wolontariat\/","title":{"rendered":"WOLONTARIAT"},"content":{"rendered":"<div id=\"sp-page\" class=\"spBgcover sp-content-1\" style=\"background-color: rgb(255, 255, 255); font-family: 'Helvetica Neue', Arial, sans-serif; font-weight: 400;\">\n<section id=\"sp-ks8a8s\" class=\"sp-el-section \" style=\"width: 100%; max-width: 100%; padding: 10px;\">\n<div id=\"sp-vw3kvy\" class=\"sp-el-row sm:sp-flex sp-justify-between sp-w-full  sp-m-auto\" style=\"padding: 0px; width: 100%; max-width: 100%;\">\n<div id=\"sp-yqjz1j\" class=\"sp-el-col sp-p-4  sp-w-full\" style=\"width: calc(100% - 0px); padding: 10px;\">\n<h1 id=\"sp-psch88\" class=\"sp-css-target\" style=\"text-align: center; padding: 10px; margin-top: 0px;\">Eko-baza<\/h1>\n<\/div>\n<\/div>\n<div id=\"sp-f700hx\" class=\"sp-el-row sm:sp-flex sp-justify-between sp-w-full  sp-m-auto\" style=\"padding: 0px; width: auto; max-width: 1000px;\">\n<div id=\"sp-jso1ik\" class=\"sp-el-col sp-p-4  sp-w-full\" style=\"width: calc(100% - 0px); padding: 10px;\">\n<div class=\"sp-button-wrapper\" style=\"padding: 10px; margin-top: 0px; text-align: center;\"><a href=\"\" id=\"sp-mt4l5y\" target=\"\" rel=\"noopener\" class=\"sp-button sp-css-target sp-text-center sp-inline-block sp-leading-none\" style=\"font-size: 22px; background: linear-gradient(-180deg, rgb(253, 216, 53), rgb(253, 209, 18) 90%); color: rgb(0, 0, 0); width: auto; padding: 16px 20px; border-radius: 4px; border: 1px solid rgb(252, 206, 3); box-shadow: rgba(255, 255, 255, 0.2) 0px 1px 0px inset;\"><span style=\"opacity: 0.8;\">Eko baza zaprasza wolontariuszy i osoby poszukuj\u0105ce swojego miejsca na planecie Ziemia.<\/span><\/a><\/div>\n<\/div>\n<\/div>\n<\/section>\n<section id=\"sp-nnumh4\" class=\"sp-el-section \" style=\"width: 100%; max-width: 100%; padding: 10px;\">\n<div id=\"sp-zdqsnn\" class=\"sp-el-row sm:sp-flex sp-justify-between sp-w-full  sp-m-auto\" style=\"padding: 0px; width: auto; max-width: 1000px;\">\n<div id=\"sp-nypnpb\" class=\"sp-el-col sp-p-4  sp-w-full\" style=\"width: calc(50% - 0px); padding: 10px;\">\n<figure id=\"sp-mppp5s\" class=\"sp-image-wrapper\" style=\"margin-top: 0px; padding: 10px; text-align: center;\"><span><img decoding=\"async\" src=\"http:\/\/zielarniapieninska.pl\/wp-content\/uploads\/2019\/10\/IMG_0116.jpg\" alt=\"\"><\/span><\/figure>\n<\/div>\n<div id=\"sp-yftnc5\" class=\"sp-el-col sp-p-4  sp-w-full\" style=\"width: calc(50% - 0px); padding: 10px;\">\n<div id=\"sp-qb4lrr\" class=\"sp-css-target sp-text-wrapper\" style=\"padding: 10px; margin-top: 0px; text-align: left;\">\n<p>Szukasz pracy, miejsca, w kt\u00f3rym b\u0119dziesz m\u00f3g\u0142 wykorzysta\u0107 sw\u00f3j potencja\u0142?<\/p>\n<p>Jeste\u015b terapeut\u0105, szamanem, masa\u017cyst\u0105, wr\u00f3\u017ck\u0105, jasnowidzem, nie masz gdzie prowadzi\u0107 zaj\u0119\u0107, us\u0142ug, terapii\u2026<\/p>\n<p>Mamy dla Ciebie ofert\u0119.<\/p>\n<p>Kwatera sk\u0142ada si\u0119 z dw\u00f3ch pomieszcze\u0144 w korytarzu kominek, Pokoje trzy i czteroosobowe z \u0142azienkami, aneks kuchenny wyposa\u017cony w lod\u00f3wk\u0119, maszynk\u0119 elektryczn\u0105 i naczynia. Mo\u017cliwo\u015b\u0107 zaadaptowania na mieszkanie.<\/p>\n<\/div>\n<\/div>\n<\/div>\n<\/section>\n<section id=\"sp-n1z87g\" class=\"sp-el-section \" style=\"width: 100%; max-width: 100%; padding: 10px;\">\n<div id=\"sp-by1uuw\" class=\"sp-el-row sm:sp-flex sp-justify-between sp-w-full  sp-m-auto\" style=\"padding: 0px; width: auto; max-width: 1000px;\">\n<div id=\"sp-am6f0t\" class=\"sp-el-col sp-p-4  sp-w-full\" style=\"width: calc(50% - 0px); padding: 10px;\">\n<figure id=\"sp-zb42iw\" class=\"sp-image-wrapper\" style=\"margin-top: 0px; padding: 10px; text-align: center;\"><span><img decoding=\"async\" src=\"http:\/\/zielarniapieninska.pl\/wp-content\/uploads\/2019\/10\/Homole-wejscie.jpg\" alt=\"\"><\/span><\/figure>\n<\/div>\n<div id=\"sp-avp4fw\" class=\"sp-el-col sp-p-4  sp-w-full\" style=\"width: calc(50% - 0px); padding: 10px;\">\n<div id=\"sp-e462he\" class=\"sp-css-target sp-text-wrapper\" style=\"padding: 10px; margin-top: 0px; text-align: left;\">\n<p>Zapraszamy na Wolontariat do Jaworek \u2013 Numer 1 w Polsce pod wzgl\u0119dem ekologii.<br \/>Odbywaj\u0105c u nas Wolontariat poznacie uroki Pienin, jednego z najpi\u0119kniejszych pasm g\u00f3rskich w Polsce i pierwszego parku krajobrazowego w Europie.<br \/>Widoki jak z bajki, drewniane domki w otoczeniu g\u00f3r i potok\u00f3w. Widoki zapieraj\u0105ce dech w piersi i uczucie niesamowitej wolno\u015bci<br \/>Mo\u017cna odpocz\u0105\u0107, kontempluj\u0105c na \u0142onie dziewiczej przyrody, ucieszy\u0107 oko swobodnie pas\u0105cymi si\u0119 zwierz\u0119tami lub samemu wsi\u0105\u015b\u0107 na konia, aby wspi\u0105\u0107 si\u0119 w g\u00f3ry.<br \/>Wolontariat mo\u017ce dotyczy\u0107:<br \/>\u2013 tworzenia i redagowania tekst\u00f3w<br \/>\u2013 pisania wniosk\u00f3w o dofinansowanie<br \/>\u2013 prac komputerowych<br \/>\u2013 prac porz\u0105dkowych<br \/>\u2013 zbierania zi\u00f3\u0142 itp.<\/p>\n<\/div>\n<\/div>\n<\/div>\n<\/section>\n<section id=\"sp-m19a2d\" class=\"sp-el-section \" style=\"width: 100%; max-width: 100%; padding: 10px;\">\n<div id=\"sp-llifzn\" class=\"sp-el-row sm:sp-flex sp-justify-between sp-w-full  sp-m-auto\" style=\"padding: 0px; width: auto; max-width: 1000px;\">\n<div id=\"sp-tqrj8m\" class=\"sp-el-col sp-p-4  sp-w-full\" style=\"width: calc(50% - 0px); padding: 10px;\">\n<div id=\"sp-fsry4f\" class=\"sp-css-target sp-text-wrapper\" style=\"padding: 10px; margin-top: 0px; text-align: left;\">\n<p>Kwatera sk\u0142ada si\u0119 z dw\u00f3ch pomieszcze\u0144 w korytarzu kominek, Pokoje trzy i czteroosobowe z \u0142azienkami, aneks kuchenny wyposa\u017cony w lod\u00f3wk\u0119, maszynk\u0119 elektryczn\u0105 i naczynia. Mo\u017cliwo\u015b\u0107 zaadaptowania na mieszkanie.<\/p>\n<\/div>\n<\/div>\n<div id=\"sp-pueggl\" class=\"sp-el-col sp-p-4  sp-w-full\" style=\"width: calc(50% - 0px); padding: 10px;\">\n<figure id=\"sp-yjippw\" class=\"sp-image-wrapper\" style=\"margin-top: 0px; padding: 10px; text-align: center;\"><span><img decoding=\"async\" src=\"http:\/\/zielarniapieninska.pl\/wp-content\/uploads\/2019\/10\/img_0079.jpg\" alt=\"\"><\/span><\/figure>\n<\/div>\n<\/div>\n<\/section>\n<section id=\"sp-o8ndzf\" class=\"sp-el-section \" style=\"width: 100%; max-width: 100%; padding: 10px;\">\n<div id=\"sp-bk5yms\" class=\"sp-el-row sm:sp-flex sp-justify-between sp-w-full  sp-m-auto\" style=\"padding: 0px; width: auto; max-width: 1000px;\">\n<div id=\"sp-zbakvd\" class=\"sp-el-col sp-p-4  sp-w-full\" style=\"width: calc(33.3333% - 0px); padding: 10px;\">\n<figure id=\"sp-gd1pg0\" class=\"sp-image-wrapper\" style=\"margin-top: 0px; padding: 10px; text-align: center;\"><span><img decoding=\"async\" src=\"http:\/\/zielarniapieninska.pl\/wp-content\/uploads\/2019\/09\/potok2.jpg\" alt=\"\"><\/span><\/figure>\n<\/div>\n<div id=\"sp-f66813\" class=\"sp-el-col sp-p-4  sp-w-full\" style=\"width: calc(33.3333% - 0px); padding: 10px;\">\n<figure id=\"sp-ms3h3v\" class=\"sp-image-wrapper\" style=\"margin-top: 0px; padding: 10px; text-align: center;\"><span><img decoding=\"async\" src=\"http:\/\/zielarniapieninska.pl\/wp-content\/uploads\/2019\/10\/Pltn\u00edctvo-Dunajec-int.jpg\" alt=\"\"><\/span><\/figure>\n<\/div>\n<div id=\"sp-mp2bsj\" class=\"sp-el-col sp-p-4  sp-w-full\" style=\"width: calc(33.3333% - 0px); padding: 10px;\">\n<div id=\"sp-tm48d7\" class=\"sp-css-target sp-text-wrapper\" style=\"padding: 10px; margin-top: 0px; text-align: left;\">\n<p>Znajdujemy si\u0119 przy Pieni\u0144skim Parku Narodowym w samym sercu natury. Miejsce przeznaczone dla ludzi ceni\u0105cych sobie spok\u00f3j, bliski kontakt z przyrod\u0105, szczeg\u00f3lnie dla przebudzonych i antysystemowc\u00f3w. Miejsce do medytacji, wyciszenia, relaksu, ale r\u00f3wnie\u017c dla aktywnych: sp\u0142yw Prze\u0142omem Dunajca, Trasy rowerowe, spacery po lesie, maratony g\u00f3rskie.<\/p>\n<\/div>\n<\/div>\n<\/div>\n<\/section>\n<section id=\"sp-ccagwa\" class=\"sp-el-section \" style=\"width: 100%; max-width: 100%; padding: 10px;\">\n<div id=\"sp-olxnuy\" class=\"sp-el-row sm:sp-flex sp-justify-between sp-w-full  sp-m-auto\" style=\"padding: 0px; width: auto; max-width: 1000px;\">\n<div id=\"sp-rrq4ue\" class=\"sp-el-col sp-p-4  sp-w-full\" style=\"width: calc(100% - 0px); padding: 10px;\">\n<h1 id=\"sp-htpxo7\" class=\"sp-css-target\" style=\"text-align: center; padding: 10px; margin-top: 0px;\">Grzybobranie z babci\u0105 Marysi\u0105<\/h1>\n<\/div>\n<\/div>\n<\/section>\n<section id=\"sp-qhv9b9\" class=\"sp-el-section \" style=\"width: 100%; max-width: 100%; padding: 10px;\">\n<div id=\"sp-jwr861\" class=\"sp-el-row sm:sp-flex sp-justify-between sp-w-full  sp-m-auto\" style=\"padding: 0px; width: auto; max-width: 1000px;\">\n<div id=\"sp-e3r9wb\" class=\"sp-el-col sp-p-4  sp-w-full\" style=\"width: calc(100% - 0px); padding: 10px;\">\n<div id=\"sp-oijfl2\" class=\"sp-css-target sp-text-wrapper\" style=\"padding: 10px; margin-top: 0px; text-align: left;\">\n<p style=\"text-align: center;\">Wraz z pocz\u0105tkiem lipca i sprzyjaj\u0105c\u0105 pogod\u0105 \u2013 ciep\u0142em, s\u0142o\u0144cem i wilgoci\u0105 \u2013 rozpoczyna si\u0119 tak\u017ce sezon na grzyby. Prawdziwki, kanie, kurki i wiele innych gatunk\u00f3w grzyb\u00f3w.<\/p>\n<\/div>\n<\/div>\n<\/div>\n<div id=\"sp-u5t0r3\" class=\"sp-el-row sm:sp-flex sp-justify-between sp-w-full  sp-m-auto\" style=\"padding: 0px; width: auto; max-width: 1000px;\">\n<div id=\"sp-tmh0do\" class=\"sp-el-col sp-p-4  sp-w-full\" style=\"width: calc(33.3333% - 0px); padding: 10px;\">\n<figure id=\"sp-i8ro73\" class=\"sp-image-wrapper\" style=\"margin-top: 0px; padding: 10px; text-align: center;\"><span><img decoding=\"async\" src=\"http:\/\/zielarniapieninska.pl\/wp-content\/uploads\/2019\/09\/marysia-prawdziwki-1.jpg\" alt=\"\"><\/span><\/figure>\n<\/div>\n<div id=\"sp-o5tp7k\" class=\"sp-el-col sp-p-4  sp-w-full\" style=\"width: calc(33.3333% - 0px); padding: 10px;\">\n<figure id=\"sp-q8n9ld\" class=\"sp-image-wrapper\" style=\"margin-top: 0px; padding: 10px; text-align: center;\"><span><img decoding=\"async\" src=\"http:\/\/zielarniapieninska.pl\/wp-content\/uploads\/2019\/10\/ma\u015blaki-mama-2.jpeg\" alt=\"\"><\/span><\/figure>\n<\/div>\n<div id=\"sp-f8ygar\" class=\"sp-el-col sp-p-4  sp-w-full\" style=\"width: calc(33.3333% - 0px); padding: 10px;\">\n<figure id=\"sp-lyf9q7\" class=\"sp-image-wrapper\" style=\"margin-top: 0px; padding: 10px; text-align: center;\"><span><img decoding=\"async\" src=\"http:\/\/zielarniapieninska.pl\/wp-content\/uploads\/2019\/11\/kanie-rydze.jpg\" alt=\"\"><\/span><\/figure>\n<\/div>\n<\/div>\n<\/section>\n<section id=\"sp-fqzqhs\" class=\"sp-el-section \" style=\"width: 100%; max-width: 100%; padding: 10px;\">\n<div id=\"sp-mgnorf\" class=\"sp-el-row sm:sp-flex sp-justify-between sp-w-full  sp-m-auto\" style=\"padding: 0px; width: auto; max-width: 1000px;\">\n<div id=\"sp-wgy6kk\" class=\"sp-el-col sp-p-4  sp-w-full\" style=\"width: calc(100% - 0px); padding: 10px;\">\n<div id=\"sp-dfi3se\" class=\"sp-css-target sp-text-wrapper\" style=\"padding: 10px; margin-top: 0px; text-align: left;\">\n<h2 style=\"text-align: center;\"><strong>Zapraszamy do wirtualnej wycieczki. Zobaczcie spot przedstawiaj\u0105cy Jaworki z lotu ptaka.<\/strong><\/h2>\n<\/div>\n<\/div>\n<\/div>\n<\/section>\n<section id=\"sp-fzcmjk\" class=\"sp-el-section \" style=\"width: 100%; max-width: 100%; padding: 10px;\">\n<div id=\"sp-xbv3ed\" class=\"sp-el-row sm:sp-flex sp-justify-between sp-w-full  sp-m-auto\" style=\"padding: 0px; width: auto; max-width: 1000px;\">\n<div id=\"sp-cxp1fz\" class=\"sp-el-col sp-p-4  sp-w-full\" style=\"width: calc(100% - 0px); padding: 10px;\">\n<div id=\"sp-tuwr2a\" class=\"sp-video-control sp-flex\" style=\"padding: 10px; justify-content: center; margin-top: 0px;\">\n<div class=\"sp-video-wrapper\" style=\"width: 100%; max-width: 100%;\">\n<div class=\"sp-video-responsive\"><iframe loading=\"lazy\" width=\"560\" height=\"315\" src=\"https:\/\/www.youtube.com\/embed\/xnQPrgb_yXU\" frameborder=\"0\" allowfullscreen=\"allowfullscreen\"><\/iframe><\/div>\n<\/div>\n<\/div>\n<\/div>\n<\/div>\n<\/section>\n<\/div>\n","protected":false},"excerpt":{"rendered":"<p>Eko-baza Eko baza zaprasza wolontariuszy i osoby poszukuj\u0105ce swojego miejsca na planecie Ziemia. Szukasz pracy, miejsca, w kt\u00f3rym b\u0119dziesz m\u00f3g\u0142 wykorzysta\u0107 sw\u00f3j potencja\u0142? Jeste\u015b terapeut\u0105, szamanem, masa\u017cyst\u0105, wr\u00f3\u017ck\u0105, jasnowidzem, nie masz gdzie prowadzi\u0107 zaj\u0119\u0107, us\u0142ug, terapii\u2026 Mamy dla Ciebie ofert\u0119. Kwatera sk\u0142ada si\u0119 z dw\u00f3ch pomieszcze\u0144 w korytarzu kominek, Pokoje trzy i czteroosobowe z \u0142azienkami, [&hellip;]<\/p>\n","protected":false},"author":1,"featured_media":0,"parent":0,"menu_order":0,"comment_status":"closed","ping_status":"closed","template":"","meta":{"_monsterinsights_skip_tracking":false,"_monsterinsights_sitenote_active":false,"_monsterinsights_sitenote_note":"","_monsterinsights_sitenote_category":0,"footnotes":""},"class_list":["post-2353","page","type-page","status-publish","hentry"],"_links":{"self":[{"href":"https:\/\/zielarniapieninska.pl\/index.php\/wp-json\/wp\/v2\/pages\/2353","targetHints":{"allow":["GET"]}}],"collection":[{"href":"https:\/\/zielarniapieninska.pl\/index.php\/wp-json\/wp\/v2\/pages"}],"about":[{"href":"https:\/\/zielarniapieninska.pl\/index.php\/wp-json\/wp\/v2\/types\/page"}],"author":[{"embeddable":true,"href":"https:\/\/zielarniapieninska.pl\/index.php\/wp-json\/wp\/v2\/users\/1"}],"replies":[{"embeddable":true,"href":"https:\/\/zielarniapieninska.pl\/index.php\/wp-json\/wp\/v2\/comments?post=2353"}],"version-history":[{"count":6,"href":"https:\/\/zielarniapieninska.pl\/index.php\/wp-json\/wp\/v2\/pages\/2353\/revisions"}],"predecessor-version":[{"id":2361,"href":"https:\/\/zielarniapieninska.pl\/index.php\/wp-json\/wp\/v2\/pages\/2353\/revisions\/2361"}],"wp:attachment":[{"href":"https:\/\/zielarniapieninska.pl\/index.php\/wp-json\/wp\/v2\/media?parent=2353"}],"curies":[{"name":"wp","href":"https:\/\/api.w.org\/{rel}","templated":true}]}}