{"id":433,"date":"2019-09-20T11:38:26","date_gmt":"2019-09-20T09:38:26","guid":{"rendered":"http:\/\/zielarniapieninska.pl\/?page_id=433"},"modified":"2020-07-05T07:37:45","modified_gmt":"2020-07-05T05:37:45","slug":"zamowienia","status":"publish","type":"page","link":"https:\/\/zielarniapieninska.pl\/index.php\/zamowienia\/","title":{"rendered":"Zio\u0142a dla Ciebie"},"content":{"rendered":"\n<p> Pieni\u0144skie zio\u0142a pochodz\u0105 z najbardziej ekologicznie czystych zasob\u00f3w. Pozyskiwanie ro\u015blin zielarskich ze stanowisk naturalnych jest uci\u0105\u017cliwy i pracoch\u0142onny. <\/p>\n\n\n\n<p>Je\u017celi potrzebujesz wysoko-wibracyjnych zi\u00f3\u0142? Zapraszamy  do wsp\u00f3\u0142pracuj\u0105cej z   nami Eko \u2013 Bazy.    Od marca do p\u00f3\u017anej jesieni mo\u017cesz  samodzielnie   pozyska\u0107 potrzebne Tobie  zio\u0142a. W miar\u0119 mo\u017cliwo\u015bci s\u0142u\u017cymy rad\u0105 i   pomoc\u0105. Nast\u0119pnie b\u0119dziesz  mia\u0142 mo\u017cliwo\u015b\u0107 wysuszy\u0107 swoje zbiory w   spos\u00f3b tradycyjny (w niskich  temperaturach).   <\/p>\n\n\n\n<p>Napisz do nas: zielarniapieninska@wp.pl   <\/p>\n\n\n\n<p> Je\u017celi informacje na stronie okaza\u0142y si\u0119 dla Ciebie przydatne mo\u017cesz  wp\u0142aci\u0107 darowizn\u0119. Donacje prosimy wp\u0142aca\u0107:  <br>Fundacja Wspierania Inicjatyw Spo\u0142ecznych &#8222;Logos&#8221;.<br>Nr konta:  <br>88 1140 2004 0000 3402 7994 3978  <\/p>\n\n\n\n<div class=\"wp-block-image\"><figure class=\"alignleft is-resized\"><img loading=\"lazy\" decoding=\"async\" src=\"http:\/\/zielarniapieninska.pl\/wp-content\/uploads\/2019\/10\/zielarnia-b-1024x665.jpg\" alt=\"\" class=\"wp-image-1021\" width=\"256\" height=\"166\" srcset=\"https:\/\/zielarniapieninska.pl\/wp-content\/uploads\/2019\/10\/zielarnia-b-1024x665.jpg 1024w, https:\/\/zielarniapieninska.pl\/wp-content\/uploads\/2019\/10\/zielarnia-b-300x195.jpg 300w, https:\/\/zielarniapieninska.pl\/wp-content\/uploads\/2019\/10\/zielarnia-b-768x498.jpg 768w, https:\/\/zielarniapieninska.pl\/wp-content\/uploads\/2019\/10\/zielarnia-b-110x71.jpg 110w, https:\/\/zielarniapieninska.pl\/wp-content\/uploads\/2019\/10\/zielarnia-b-420x273.jpg 420w, https:\/\/zielarniapieninska.pl\/wp-content\/uploads\/2019\/10\/zielarnia-b-663x430.jpg 663w, https:\/\/zielarniapieninska.pl\/wp-content\/uploads\/2019\/10\/zielarnia-b.jpg 1134w\" sizes=\"auto, (max-width: 256px) 100vw, 256px\" \/><\/figure><\/div>\n\n\n\n<p>Czynno\u015bci zwi\u0105zane z pozyskaniem Zi\u00f3\u0142 Wysoko Wibracyjnych dziko rosn\u0105cych s\u0105 bardzo czasoch\u0142onne. Wolontariusze fundacji s\u0105 blisko spraw&nbsp; i problem\u00f3w os\u00f3b cierpi\u0105cych, wspieraj\u0105c ludzi, kt\u00f3rzy potrzebuj\u0105 pomocy. <\/p>\n","protected":false},"excerpt":{"rendered":"<p>Pieni\u0144skie zio\u0142a pochodz\u0105 z najbardziej ekologicznie czystych zasob\u00f3w. Pozyskiwanie ro\u015blin zielarskich ze stanowisk naturalnych jest uci\u0105\u017cliwy i pracoch\u0142onny. Je\u017celi potrzebujesz wysoko-wibracyjnych zi\u00f3\u0142? Zapraszamy do wsp\u00f3\u0142pracuj\u0105cej z nami Eko \u2013 Bazy. Od marca do p\u00f3\u017anej jesieni mo\u017cesz samodzielnie pozyska\u0107 potrzebne Tobie zio\u0142a. W miar\u0119 mo\u017cliwo\u015bci s\u0142u\u017cymy rad\u0105 i pomoc\u0105. Nast\u0119pnie b\u0119dziesz mia\u0142 mo\u017cliwo\u015b\u0107 wysuszy\u0107 swoje zbiory [&hellip;]<\/p>\n","protected":false},"author":1,"featured_media":0,"parent":0,"menu_order":0,"comment_status":"closed","ping_status":"closed","template":"template-fullwidth.php","meta":{"_monsterinsights_skip_tracking":false,"_monsterinsights_sitenote_active":false,"_monsterinsights_sitenote_note":"","_monsterinsights_sitenote_category":0,"footnotes":""},"class_list":["post-433","page","type-page","status-publish","hentry"],"_links":{"self":[{"href":"https:\/\/zielarniapieninska.pl\/index.php\/wp-json\/wp\/v2\/pages\/433","targetHints":{"allow":["GET"]}}],"collection":[{"href":"https:\/\/zielarniapieninska.pl\/index.php\/wp-json\/wp\/v2\/pages"}],"about":[{"href":"https:\/\/zielarniapieninska.pl\/index.php\/wp-json\/wp\/v2\/types\/page"}],"author":[{"embeddable":true,"href":"https:\/\/zielarniapieninska.pl\/index.php\/wp-json\/wp\/v2\/users\/1"}],"replies":[{"embeddable":true,"href":"https:\/\/zielarniapieninska.pl\/index.php\/wp-json\/wp\/v2\/comments?post=433"}],"version-history":[{"count":46,"href":"https:\/\/zielarniapieninska.pl\/index.php\/wp-json\/wp\/v2\/pages\/433\/revisions"}],"predecessor-version":[{"id":1988,"href":"https:\/\/zielarniapieninska.pl\/index.php\/wp-json\/wp\/v2\/pages\/433\/revisions\/1988"}],"wp:attachment":[{"href":"https:\/\/zielarniapieninska.pl\/index.php\/wp-json\/wp\/v2\/media?parent=433"}],"curies":[{"name":"wp","href":"https:\/\/api.w.org\/{rel}","templated":true}]}}